{"id":1244,"date":"2024-04-23T14:12:04","date_gmt":"2024-04-23T17:12:04","guid":{"rendered":"https:\/\/vaqueano.com.br\/wordpress\/?page_id=1244"},"modified":"2024-10-09T11:18:42","modified_gmt":"2024-10-09T14:18:42","slug":"breve-historia","status":"publish","type":"page","link":"https:\/\/vaqueano.com.br\/wordpress\/breve-historia\/","title":{"rendered":"Breve Hist\u00f3ria"},"content":{"rendered":"\n<div class=\"wp-block-stackable-call-to-action alignfull stk-block-call-to-action stk-block stk-fa1d540 stk-block-background stk--has-background-overlay\" data-v=\"2\" data-block-id=\"fa1d540\"><style>.stk-fa1d540{background-color:#000000ff !important;background-image:url(https:\/\/vaqueano.com.br\/wordpress\/wp-content\/uploads\/2024\/04\/pexels-rfstudio-3810792-scaled.jpg) !important;min-height:500px !important;align-items:center !important;display:flex !important}.stk-fa1d540:before{background-color:#000000ff !important;opacity:0.1 !important}<\/style><div class=\"stk-block-call-to-action__content stk-content-align stk-fa1d540-column alignwide stk-container stk-fa1d540-container stk--no-background stk--no-padding\"><div class=\"has-text-align-center stk-block-content stk-inner-blocks stk-fa1d540-inner-blocks\">\n<div class=\"wp-block-stackable-heading stk-block-heading stk-block-heading--v2 stk-block stk-8ffd69c\" id=\"breve-historia\" data-block-id=\"8ffd69c\"><style>.stk-8ffd69c .stk-block-heading__text{font-size:50px !important;color:#FFFFFF !important;font-weight:900 !important;font-family:\"Merriweather\",Sans-serif !important}@media screen and (max-width:1023px){.stk-8ffd69c .stk-block-heading__text{font-size:50px !important}}<\/style><h3 class=\"stk-block-heading__text has-text-color has-white-color\">Breve hist\u00f3ria<\/h3><\/div>\n<\/div><\/div><\/div>\n\n\n\n<p>Hist\u00f3rico resumido<\/p>\n\n\n\n<p>Hist\u00f3rias do Parque &#8211; v\u00eddeos<\/p>\n\n\n\n<p>Hist\u00f3rias do Parque &#8211; postagens <\/p>\n\n\n\n<div class=\"wp-block-stackable-columns stk-block-columns stk-block stk-566709b\" data-block-id=\"566709b\"><div class=\"stk-row stk-inner-blocks stk-block-content stk-content-align stk-566709b-column\">\n<div class=\"wp-block-stackable-column stk-block-column stk-column stk-block stk-0947e9f\" data-v=\"4\" data-block-id=\"0947e9f\"><style>@media screen and (min-width:768px){.stk-0947e9f{flex:1 1 calc(15% - var(--stk-column-gap,0px) * 2 \/ 3 ) !important}}<\/style><div class=\"stk-column-wrapper stk-block-column__content stk-container stk-0947e9f-container stk--no-background stk--no-padding\"><div class=\"stk-block-content stk-inner-blocks stk-0947e9f-inner-blocks\"><\/div><\/div><\/div>\n\n\n\n<div class=\"wp-block-stackable-column stk-block-column stk-column stk-block stk-47b3084\" data-v=\"4\" data-block-id=\"47b3084\"><style>@media screen and (min-width:768px){.stk-47b3084{flex:1 1 calc(70% - var(--stk-column-gap,0px) * 2 \/ 3 ) !important}}<\/style><div class=\"stk-column-wrapper stk-block-column__content stk-container stk-47b3084-container stk--no-background stk--no-padding\"><div class=\"stk-block-content stk-inner-blocks stk-47b3084-inner-blocks\">\n<div class=\"wp-block-stackable-columns alignfull stk-block-columns stk-block stk-45ffa52 stk-block-background\" data-block-id=\"45ffa52\"><style>.stk-45ffa52{padding-top:80px !important;padding-bottom:80px !important}<\/style><div class=\"stk-row stk-inner-blocks stk-block-content stk-content-align stk-45ffa52-column alignwide\">\n<div class=\"wp-block-stackable-column stk-block-column stk-column stk-block stk-b5e67aa\" data-v=\"4\" data-block-id=\"b5e67aa\"><div class=\"stk-column-wrapper stk-block-column__content stk-container stk-b5e67aa-container stk--no-background stk--no-padding\"><div class=\"stk-block-content stk-inner-blocks stk-b5e67aa-inner-blocks\">\n<div class=\"wp-block-stackable-columns stk-block-columns stk-block stk-690e228\" data-block-id=\"690e228\"><style>.stk-690e228-column{--stk-column-gap:48px !important}<\/style><div class=\"stk-row stk-inner-blocks stk-block-content stk-content-align stk-690e228-column\">\n<div class=\"wp-block-stackable-column stk-block-column stk-column stk-block stk-170160a\" data-v=\"4\" data-block-id=\"170160a\"><div class=\"stk-column-wrapper stk-block-column__content stk-container stk-170160a-container stk--no-background stk--no-padding\"><div class=\"stk-block-content stk-inner-blocks stk-170160a-inner-blocks\">\n<blockquote class=\"wp-block-stackable-blockquote stk-block-blockquote stk-block stk-9299d54\" data-v=\"2\" data-block-id=\"9299d54\"><style>.stk-9299d54{margin-bottom:16px !important}<\/style><div class=\"stk-block-blockquote__content stk-container stk-9299d54-container stk--no-background stk--no-padding\"><div class=\"stk-block-content stk-inner-blocks\">\n<div class=\"wp-block-stackable-icon stk-block-icon stk-block stk-8d40f02\" data-block-id=\"8d40f02\"><style>.stk-8d40f02{top:-50px !important;left:-50px !important;position:absolute !important;opacity:0.2 !important}.stk-8d40f02 .stk--svg-wrapper .stk--inner-svg svg:last-child{height:200px !important;width:200px !important}<\/style><span class=\"stk--svg-wrapper\"><div class=\"stk--inner-svg\"><svg style=\"height:0;width:0\"><defs><linearGradient id=\"linear-gradient-8d40f02\" x1=\"0\" x2=\"100%\" y1=\"0\" y2=\"0\"><stop offset=\"0%\" style=\"stop-opacity:1;stop-color:var(--linear-gradient-8-d-40-f-02-color-1)\"><\/stop><stop offset=\"100%\" style=\"stop-opacity:1;stop-color:var(--linear-gradient-8-d-40-f-02-color-2)\"><\/stop><\/linearGradient><\/defs><\/svg><svg xmlns=\"http:\/\/www.w3.org\/2000\/svg\" viewBox=\"0 0 50 50\" aria-hidden=\"true\" width=\"32\" height=\"32\"><path d=\"M19.8 9.3C10.5 11.8 4.6 17 2.1 24.8c2.3-3.6 5.6-5.4 9.9-5.4 3.3 0 6 1.1 8.3 3.3 2.2 2.2 3.4 5 3.4 8.3 0 3.2-1.1 5.8-3.3 8-2.2 2.2-5.1 3.2-8.7 3.2-3.7 0-6.5-1.2-8.6-3.5C1 36.3 0 33.1 0 29 0 18.3 6.5 11.2 19.6 7.9l.2 1.4zm26.4 0C36.9 11.9 31 17 28.5 24.8c2.2-3.6 5.5-5.4 9.8-5.4 3.2 0 6 1.1 8.3 3.2 2.3 2.2 3.4 4.9 3.4 8.3 0 3.1-1.1 5.8-3.3 7.9-2.2 2.2-5.1 3.3-8.6 3.3-3.7 0-6.6-1.1-8.6-3.4-2.1-2.3-3.1-5.5-3.1-9.7 0-10.7 6.6-17.8 19.7-21.1l.1 1.4z\"><\/path><\/svg><\/div><\/span><\/div>\n\n\n\n<div class=\"wp-block-stackable-text stk-block-text stk-block stk-26e7616\" data-block-id=\"26e7616\"><style>.stk-26e7616 .stk-block-text__text{font-size:40px !important;line-height:1.5em !important}@media screen and (max-width:1023px){.stk-26e7616 .stk-block-text__text{font-size:40px !important}}<\/style><p class=\"stk-block-text__text\">Description for this block. Use this space for describing your block. Any text will do.<\/p><\/div>\n<\/div><\/div><\/blockquote>\n\n\n\n<div class=\"wp-block-stackable-text stk-block-text stk-block stk-23bc713\" data-block-id=\"23bc713\"><p class=\"stk-block-text__text\">Lorem ipsum dolor sit amet, consectetur adipiscing elit. Sed ultrices elit eget sem luctus interdum. Morbi a sapien ut dolor placerat consequat. Nulla facilisi.<\/p><\/div>\n<\/div><\/div><\/div>\n\n\n\n<div class=\"wp-block-stackable-column stk-block-column stk-column stk-block stk-141d4ac\" data-v=\"4\" data-block-id=\"141d4ac\"><div class=\"stk-column-wrapper stk-block-column__content stk-container stk-141d4ac-container stk--no-background stk--no-padding\"><div class=\"stk-block-content stk-inner-blocks stk-141d4ac-inner-blocks\">\n<div class=\"wp-block-stackable-image stk-block-image stk-block stk-2b69980\" data-block-id=\"2b69980\"><style>.stk-2b69980 .stk-img-wrapper{height:400px !important}<\/style><figure><div class=\"stk-img-wrapper stk-image--shape-stretch\"><img decoding=\"async\" loading=\"lazy\" class=\"stk-img wp-image-1307\" src=\"https:\/\/storage.googleapis.com\/stackable-plugin-assets\/library-v3\/section-wireframes-testimonial-1\/8fa58c128398.png\" width=\"500\" height=\"400\"\/><\/div><\/figure><\/div>\n<\/div><\/div><\/div>\n<\/div><\/div>\n\n\n\n<div class=\"wp-block-stackable-divider stk-block-divider stk-block stk-ced83b8\" data-block-id=\"ced83b8\"><style>.stk-ced83b8 hr.stk-block-divider__hr{width:100% !important}<\/style><hr class=\"stk-block-divider__hr\"\/><\/div>\n\n\n\n<div class=\"wp-block-stackable-columns stk-block-columns stk-block stk-fe5eb2c\" data-block-id=\"fe5eb2c\"><div class=\"stk-row stk-inner-blocks stk-block-content stk-content-align stk-fe5eb2c-column\">\n<div class=\"wp-block-stackable-column stk-block-column stk-column stk-block stk-bddc84e\" data-v=\"4\" data-block-id=\"bddc84e\"><style>@media screen and (min-width:768px){.stk-bddc84e{flex:1 1 25% !important}}<\/style><div class=\"stk-column-wrapper stk-block-column__content stk-container stk-bddc84e-container stk--no-background stk--no-padding\"><div class=\"stk-block-content stk-inner-blocks stk-bddc84e-inner-blocks\">\n<div class=\"wp-block-stackable-image stk-block-image stk-block stk-0bd4653\" data-block-id=\"0bd4653\"><style>.stk-0bd4653 .stk-img-wrapper{height:100px !important}<\/style><figure><div class=\"stk-img-wrapper stk-image--shape-stretch\"><img decoding=\"async\" loading=\"lazy\" class=\"stk-img wp-image-1308\" src=\"https:\/\/storage.googleapis.com\/stackable-plugin-assets\/library-v3\/section-wireframes-testimonial-1\/e8cf123e5021.png\" width=\"300\" height=\"100\"\/><\/div><\/figure><\/div>\n<\/div><\/div><\/div>\n\n\n\n<div class=\"wp-block-stackable-column stk-block-column stk-column stk-block stk-86dcd0a\" data-v=\"4\" data-block-id=\"86dcd0a\"><style>@media screen and (min-width:768px){.stk-86dcd0a{flex:1 1 25% !important}}<\/style><div class=\"stk-column-wrapper stk-block-column__content stk-container stk-86dcd0a-container stk--no-background stk--no-padding\"><div class=\"stk-block-content stk-inner-blocks stk-86dcd0a-inner-blocks\">\n<div class=\"wp-block-stackable-image stk-block-image stk-block stk-9cdf753\" data-block-id=\"9cdf753\"><style>.stk-9cdf753 .stk-img-wrapper{height:100px !important}<\/style><figure><div class=\"stk-img-wrapper stk-image--shape-stretch\"><img decoding=\"async\" loading=\"lazy\" class=\"stk-img wp-image-1308\" src=\"https:\/\/storage.googleapis.com\/stackable-plugin-assets\/library-v3\/section-wireframes-testimonial-1\/e8cf123e5021.png\" width=\"300\" height=\"100\"\/><\/div><\/figure><\/div>\n<\/div><\/div><\/div>\n\n\n\n<div class=\"wp-block-stackable-column stk-block-column stk-column stk-block stk-828ce59\" data-v=\"4\" data-block-id=\"828ce59\"><style>@media screen and (min-width:768px){.stk-828ce59{flex:1 1 25% !important}}<\/style><div class=\"stk-column-wrapper stk-block-column__content stk-container stk-828ce59-container stk--no-background stk--no-padding\"><div class=\"stk-block-content stk-inner-blocks stk-828ce59-inner-blocks\">\n<div class=\"wp-block-stackable-image stk-block-image stk-block stk-d5aa026\" data-block-id=\"d5aa026\"><style>.stk-d5aa026 .stk-img-wrapper{height:100px !important}<\/style><figure><div class=\"stk-img-wrapper stk-image--shape-stretch\"><img decoding=\"async\" loading=\"lazy\" class=\"stk-img wp-image-1308\" src=\"https:\/\/storage.googleapis.com\/stackable-plugin-assets\/library-v3\/section-wireframes-testimonial-1\/e8cf123e5021.png\" width=\"300\" height=\"100\"\/><\/div><\/figure><\/div>\n<\/div><\/div><\/div>\n\n\n\n<div class=\"wp-block-stackable-column stk-block-column stk-column stk-block stk-1f64946\" data-v=\"4\" data-block-id=\"1f64946\"><style>@media screen and (min-width:768px){.stk-1f64946{flex:1 1 25% !important}}<\/style><div class=\"stk-column-wrapper stk-block-column__content stk-container stk-1f64946-container stk--no-background stk--no-padding\"><div class=\"stk-block-content stk-inner-blocks stk-1f64946-inner-blocks\">\n<div class=\"wp-block-stackable-image stk-block-image stk-block stk-6c52ed6\" data-block-id=\"6c52ed6\"><style>.stk-6c52ed6 .stk-img-wrapper{height:100px !important}<\/style><figure><div class=\"stk-img-wrapper stk-image--shape-stretch\"><img decoding=\"async\" loading=\"lazy\" class=\"stk-img wp-image-1308\" src=\"https:\/\/storage.googleapis.com\/stackable-plugin-assets\/library-v3\/section-wireframes-testimonial-1\/e8cf123e5021.png\" width=\"300\" height=\"100\"\/><\/div><\/figure><\/div>\n<\/div><\/div><\/div>\n<\/div><\/div>\n<\/div><\/div><\/div>\n<\/div><\/div>\n<\/div><\/div><\/div>\n\n\n\n<div class=\"wp-block-stackable-column stk-block-column stk-column stk-block stk-cb91b3e\" data-v=\"4\" data-block-id=\"cb91b3e\"><style>@media screen and (min-width:768px){.stk-cb91b3e{flex:1 1 calc(15% - var(--stk-column-gap,0px) * 2 \/ 3 ) !important}}<\/style><div class=\"stk-column-wrapper stk-block-column__content stk-container stk-cb91b3e-container stk--no-background stk--no-padding\"><div class=\"stk-block-content stk-inner-blocks stk-cb91b3e-inner-blocks\"><\/div><\/div><\/div>\n<\/div><\/div>\n\n\n\n<div class=\"wp-block-stackable-horizontal-scroller stk-block-horizontal-scroller stk-block stk-4010476\" data-block-id=\"4010476\"><style>.stk-4010476-horizontal-scroller{--stk-snapping:center !important;--stk-scrollbar-height:5px !important;--stk-scrollbar-thumb-color:#ed5521 !important}<\/style><div class=\"stk-row stk-inner-blocks stk-block-content stk-content-align stk-4010476-horizontal-scroller stk--with-scrollbar\">\n<div class=\"wp-block-stackable-column stk-block-column stk-column stk-block stk-d262b07\" data-v=\"4\" data-block-id=\"d262b07\"><style>.stk-d262b07-inner-blocks{column-gap:0px !important}<\/style><div class=\"stk-column-wrapper stk-block-column__content stk-container stk-d262b07-container stk--no-background stk--no-padding\"><div class=\"stk--block-horizontal-flex stk-block-content stk-inner-blocks stk-d262b07-inner-blocks\">\n<div class=\"wp-block-stackable-image stk-block-image stk-block stk-575a8a1\" data-block-id=\"575a8a1\"><style>.stk-575a8a1 .stk-img-wrapper{width:8100px !important;height:810px !important}<\/style><figure><div class=\"stk-img-wrapper stk-image--shape-stretch\"><img decoding=\"async\" loading=\"lazy\" class=\"stk-img wp-image-1986\" src=\"https:\/\/vaqueano.com.br\/wordpress\/wp-content\/uploads\/2024\/10\/Carrossel-1.png\" width=\"4999\" height=\"501\" srcset=\"https:\/\/vaqueano.com.br\/wordpress\/wp-content\/uploads\/2024\/10\/Carrossel-1.png 4999w, https:\/\/vaqueano.com.br\/wordpress\/wp-content\/uploads\/2024\/10\/Carrossel-1-300x30.png 300w, https:\/\/vaqueano.com.br\/wordpress\/wp-content\/uploads\/2024\/10\/Carrossel-1-1024x103.png 1024w, https:\/\/vaqueano.com.br\/wordpress\/wp-content\/uploads\/2024\/10\/Carrossel-1-768x77.png 768w, https:\/\/vaqueano.com.br\/wordpress\/wp-content\/uploads\/2024\/10\/Carrossel-1-1536x154.png 1536w, https:\/\/vaqueano.com.br\/wordpress\/wp-content\/uploads\/2024\/10\/Carrossel-1-2048x205.png 2048w\" sizes=\"(max-width: 4999px) 100vw, 4999px\" \/><\/div><\/figure><\/div>\n<\/div><\/div><\/div>\n<\/div><\/div>\n\n\n\n<div class=\"wp-block-stackable-separator alignfull stk-block-separator stk--no-padding stk-block stk-48bfe03\" data-block-id=\"48bfe03\"><div class=\"stk-block-separator__inner\"><svg xmlns=\"http:\/\/www.w3.org\/2000\/svg\" viewBox=\"0 0 1600 200\" class=\"stk-separator__layer-1\" preserveAspectRatio=\"none\" aria-hidden=\"true\"><path class=\"wave-1_svg__st2\" d=\"M1341.4 48.9c-182.4 0-254.2 80.4-429.4 80.4-117.8 0-209.7-67.5-393.5-67.5-142.2 0-212.6 38.8-324.6 38.8S-10 64.7-10 64.7V210h1620V102c-110.6-40.2-181-53.1-268.6-53.1z\"><\/path><\/svg><\/div><\/div>\n","protected":false},"excerpt":{"rendered":"<p>Breve hist\u00f3ria Hist\u00f3rico resumido Hist\u00f3rias do Parque &#8211; v\u00eddeos Hist\u00f3rias do Parque &#8211; postagens Description for this block. Use this [&hellip;]<\/p>\n","protected":false},"author":1,"featured_media":0,"parent":0,"menu_order":0,"comment_status":"closed","ping_status":"closed","template":"","meta":{"_eb_attr":"","site-sidebar-layout":"default","site-content-layout":"","ast-site-content-layout":"","site-content-style":"default","site-sidebar-style":"default","ast-global-header-display":"","ast-banner-title-visibility":"","ast-main-header-display":"","ast-hfb-above-header-display":"","ast-hfb-below-header-display":"","ast-hfb-mobile-header-display":"","site-post-title":"","ast-breadcrumbs-content":"","ast-featured-img":"","footer-sml-layout":"","theme-transparent-header-meta":"","adv-header-id-meta":"","stick-header-meta":"","header-above-stick-meta":"","header-main-stick-meta":"","header-below-stick-meta":"","astra-migrate-meta-layouts":"default","ast-page-background-enabled":"default","ast-page-background-meta":{"desktop":{"background-color":"var(--ast-global-color-4)","background-image":"","background-repeat":"repeat","background-position":"center center","background-size":"auto","background-attachment":"scroll","background-type":"","background-media":"","overlay-type":"","overlay-color":"","overlay-gradient":""},"tablet":{"background-color":"","background-image":"","background-repeat":"repeat","background-position":"center center","background-size":"auto","background-attachment":"scroll","background-type":"","background-media":"","overlay-type":"","overlay-color":"","overlay-gradient":""},"mobile":{"background-color":"","background-image":"","background-repeat":"repeat","background-position":"center center","background-size":"auto","background-attachment":"scroll","background-type":"","background-media":"","overlay-type":"","overlay-color":"","overlay-gradient":""}},"ast-content-background-meta":{"desktop":{"background-color":"var(--ast-global-color-5)","background-image":"","background-repeat":"repeat","background-position":"center center","background-size":"auto","background-attachment":"scroll","background-type":"","background-media":"","overlay-type":"","overlay-color":"","overlay-gradient":""},"tablet":{"background-color":"var(--ast-global-color-5)","background-image":"","background-repeat":"repeat","background-position":"center center","background-size":"auto","background-attachment":"scroll","background-type":"","background-media":"","overlay-type":"","overlay-color":"","overlay-gradient":""},"mobile":{"background-color":"var(--ast-global-color-5)","background-image":"","background-repeat":"repeat","background-position":"center center","background-size":"auto","background-attachment":"scroll","background-type":"","background-media":"","overlay-type":"","overlay-color":"","overlay-gradient":""}},"footnotes":""},"featured_image_urls":{"full":"","thumbnail":"","medium":"","medium_large":"","large":"","1536x1536":"","2048x2048":""},"post_excerpt_stackable":"<p>Breve hist\u00f3ria Hist\u00f3rico resumido Hist\u00f3rias do Parque &#8211; v\u00eddeos Hist\u00f3rias do Parque &#8211; postagens Description for this block. Use this space for describing your block. Any text will do. Lorem ipsum dolor sit amet, consectetur adipiscing elit. Sed ultrices elit eget sem luctus interdum. Morbi a sapien ut dolor placerat consequat. Nulla facilisi.<\/p>\n","category_list":"","author_info":{"name":"admin","url":"https:\/\/vaqueano.com.br\/wordpress\/author\/admin\/"},"comments_num":"0 coment\u00e1rio","_links":{"self":[{"href":"https:\/\/vaqueano.com.br\/wordpress\/wp-json\/wp\/v2\/pages\/1244"}],"collection":[{"href":"https:\/\/vaqueano.com.br\/wordpress\/wp-json\/wp\/v2\/pages"}],"about":[{"href":"https:\/\/vaqueano.com.br\/wordpress\/wp-json\/wp\/v2\/types\/page"}],"author":[{"embeddable":true,"href":"https:\/\/vaqueano.com.br\/wordpress\/wp-json\/wp\/v2\/users\/1"}],"replies":[{"embeddable":true,"href":"https:\/\/vaqueano.com.br\/wordpress\/wp-json\/wp\/v2\/comments?post=1244"}],"version-history":[{"count":17,"href":"https:\/\/vaqueano.com.br\/wordpress\/wp-json\/wp\/v2\/pages\/1244\/revisions"}],"predecessor-version":[{"id":1987,"href":"https:\/\/vaqueano.com.br\/wordpress\/wp-json\/wp\/v2\/pages\/1244\/revisions\/1987"}],"wp:attachment":[{"href":"https:\/\/vaqueano.com.br\/wordpress\/wp-json\/wp\/v2\/media?parent=1244"}],"curies":[{"name":"wp","href":"https:\/\/api.w.org\/{rel}","templated":true}]}}