{"id":1276,"date":"2024-04-24T09:42:47","date_gmt":"2024-04-24T12:42:47","guid":{"rendered":"https:\/\/vaqueano.com.br\/wordpress\/?page_id=1276"},"modified":"2024-04-24T09:44:58","modified_gmt":"2024-04-24T12:44:58","slug":"antirracismo","status":"publish","type":"page","link":"https:\/\/vaqueano.com.br\/wordpress\/antirracismo\/","title":{"rendered":"Antirracismo"},"content":{"rendered":"\n<div class=\"wp-block-stackable-call-to-action alignfull stk-block-call-to-action stk-block stk-fa1d540 stk-block-background stk--has-background-overlay\" data-v=\"2\" data-block-id=\"fa1d540\"><style>.stk-fa1d540{background-color:#000000ff !important;background-image:url(https:\/\/vaqueano.com.br\/wordpress\/wp-content\/uploads\/2024\/04\/pexels-rfstudio-3810792-scaled.jpg) !important;min-height:500px !important;align-items:center !important;display:flex !important}.stk-fa1d540:before{background-color:#000000ff !important;opacity:0.4 !important}<\/style><div class=\"stk-block-call-to-action__content stk-content-align stk-fa1d540-column alignwide stk-container stk-fa1d540-container stk--no-background stk--no-padding\"><div class=\"has-text-align-center stk-block-content stk-inner-blocks stk-fa1d540-inner-blocks\">\n<div class=\"wp-block-stackable-heading stk-block-heading stk-block-heading--v2 stk-block stk-8ffd69c\" id=\"educacao-ambiental-antirracista\" data-block-id=\"8ffd69c\"><style>.stk-8ffd69c .stk-block-heading__text{font-size:50px !important;color:#FFFFFF !important;font-weight:900 !important;font-family:\"Merriweather\",Sans-serif !important}@media screen and (max-width:1023px){.stk-8ffd69c .stk-block-heading__text{font-size:50px !important}}<\/style><h3 class=\"stk-block-heading__text has-text-color has-white-color\">Educa\u00e7\u00e3o Ambiental Antirracista<\/h3><\/div>\n<\/div><\/div><\/div>\n\n\n\n<p>QUAL CONTE\u00daDO COLOCAR?<\/p>\n\n\n\n<p>TEXTOS, FOTOS, V\u00cdDEOS, CHAMADAS PARA CONTE\u00daDOS EXTERNOS, DESTAQUES ETC&#8230;..<\/p>\n","protected":false},"excerpt":{"rendered":"<p>Educa\u00e7\u00e3o Ambiental Antirracista QUAL CONTE\u00daDO COLOCAR? TEXTOS, FOTOS, V\u00cdDEOS, CHAMADAS PARA CONTE\u00daDOS EXTERNOS, DESTAQUES ETC&#8230;..<\/p>\n","protected":false},"author":1,"featured_media":0,"parent":0,"menu_order":0,"comment_status":"closed","ping_status":"closed","template":"","meta":{"_eb_attr":"","site-sidebar-layout":"default","site-content-layout":"","ast-site-content-layout":"","site-content-style":"default","site-sidebar-style":"default","ast-global-header-display":"","ast-banner-title-visibility":"","ast-main-header-display":"","ast-hfb-above-header-display":"","ast-hfb-below-header-display":"","ast-hfb-mobile-header-display":"","site-post-title":"","ast-breadcrumbs-content":"","ast-featured-img":"","footer-sml-layout":"","theme-transparent-header-meta":"","adv-header-id-meta":"","stick-header-meta":"","header-above-stick-meta":"","header-main-stick-meta":"","header-below-stick-meta":"","astra-migrate-meta-layouts":"default","ast-page-background-enabled":"default","ast-page-background-meta":{"desktop":{"background-color":"var(--ast-global-color-4)","background-image":"","background-repeat":"repeat","background-position":"center center","background-size":"auto","background-attachment":"scroll","background-type":"","background-media":"","overlay-type":"","overlay-color":"","overlay-gradient":""},"tablet":{"background-color":"","background-image":"","background-repeat":"repeat","background-position":"center center","background-size":"auto","background-attachment":"scroll","background-type":"","background-media":"","overlay-type":"","overlay-color":"","overlay-gradient":""},"mobile":{"background-color":"","background-image":"","background-repeat":"repeat","background-position":"center center","background-size":"auto","background-attachment":"scroll","background-type":"","background-media":"","overlay-type":"","overlay-color":"","overlay-gradient":""}},"ast-content-background-meta":{"desktop":{"background-color":"var(--ast-global-color-5)","background-image":"","background-repeat":"repeat","background-position":"center center","background-size":"auto","background-attachment":"scroll","background-type":"","background-media":"","overlay-type":"","overlay-color":"","overlay-gradient":""},"tablet":{"background-color":"var(--ast-global-color-5)","background-image":"","background-repeat":"repeat","background-position":"center center","background-size":"auto","background-attachment":"scroll","background-type":"","background-media":"","overlay-type":"","overlay-color":"","overlay-gradient":""},"mobile":{"background-color":"var(--ast-global-color-5)","background-image":"","background-repeat":"repeat","background-position":"center center","background-size":"auto","background-attachment":"scroll","background-type":"","background-media":"","overlay-type":"","overlay-color":"","overlay-gradient":""}},"footnotes":""},"featured_image_urls":{"full":"","thumbnail":"","medium":"","medium_large":"","large":"","1536x1536":"","2048x2048":""},"post_excerpt_stackable":"<p>Educa\u00e7\u00e3o Ambiental Antirracista QUAL CONTE\u00daDO COLOCAR? TEXTOS, FOTOS, V\u00cdDEOS, CHAMADAS PARA CONTE\u00daDOS EXTERNOS, DESTAQUES ETC&#8230;..<\/p>\n","category_list":"","author_info":{"name":"admin","url":"https:\/\/vaqueano.com.br\/wordpress\/author\/admin\/"},"comments_num":"0 coment\u00e1rio","_links":{"self":[{"href":"https:\/\/vaqueano.com.br\/wordpress\/wp-json\/wp\/v2\/pages\/1276"}],"collection":[{"href":"https:\/\/vaqueano.com.br\/wordpress\/wp-json\/wp\/v2\/pages"}],"about":[{"href":"https:\/\/vaqueano.com.br\/wordpress\/wp-json\/wp\/v2\/types\/page"}],"author":[{"embeddable":true,"href":"https:\/\/vaqueano.com.br\/wordpress\/wp-json\/wp\/v2\/users\/1"}],"replies":[{"embeddable":true,"href":"https:\/\/vaqueano.com.br\/wordpress\/wp-json\/wp\/v2\/comments?post=1276"}],"version-history":[{"count":4,"href":"https:\/\/vaqueano.com.br\/wordpress\/wp-json\/wp\/v2\/pages\/1276\/revisions"}],"predecessor-version":[{"id":1281,"href":"https:\/\/vaqueano.com.br\/wordpress\/wp-json\/wp\/v2\/pages\/1276\/revisions\/1281"}],"wp:attachment":[{"href":"https:\/\/vaqueano.com.br\/wordpress\/wp-json\/wp\/v2\/media?parent=1276"}],"curies":[{"name":"wp","href":"https:\/\/api.w.org\/{rel}","templated":true}]}}