{"id":1589,"date":"2024-05-03T10:30:01","date_gmt":"2024-05-03T13:30:01","guid":{"rendered":"https:\/\/vaqueano.com.br\/wordpress\/?page_id=1589"},"modified":"2024-05-03T11:03:08","modified_gmt":"2024-05-03T14:03:08","slug":"plantio-de-agua","status":"publish","type":"page","link":"https:\/\/vaqueano.com.br\/wordpress\/plantio-de-agua\/","title":{"rendered":"Plantio de \u00c1gua"},"content":{"rendered":"\n<div class=\"wp-block-stackable-call-to-action alignfull stk-block-call-to-action stk-block stk-fa1d540 stk-block-background stk--has-background-overlay\" data-v=\"2\" data-block-id=\"fa1d540\"><style>.stk-fa1d540{background-color:#000000ff !important;background-image:url(https:\/\/vaqueano.com.br\/wordpress\/wp-content\/uploads\/2024\/04\/pexels-anna-shvets-5029853-scaled.jpg) !important;min-height:500px !important;align-items:center !important;display:flex !important}.stk-fa1d540:before{background-color:#000000ff !important;opacity:0.3 !important}<\/style><div class=\"stk-block-call-to-action__content stk-content-align stk-fa1d540-column alignwide stk-container stk-fa1d540-container stk--no-background stk--no-padding\"><div class=\"has-text-align-center stk-block-content stk-inner-blocks stk-fa1d540-inner-blocks\">\n<div class=\"wp-block-stackable-heading stk-block-heading stk-block-heading--v2 stk-block stk-8ffd69c\" id=\"plantio-de-agua\" data-block-id=\"8ffd69c\"><style>.stk-8ffd69c .stk-block-heading__text{font-size:50px !important;color:#FFFFFF !important;font-weight:900 !important;font-family:\"Merriweather\",Sans-serif !important}@media screen and (max-width:1023px){.stk-8ffd69c .stk-block-heading__text{font-size:50px !important}}<\/style><h3 class=\"stk-block-heading__text has-text-color has-white-color\">Plantio de \u00c1gua<\/h3><\/div>\n<\/div><\/div><\/div>\n\n\n\n<div class=\"wp-block-stackable-columns stk-block-columns stk-block stk-244aa4b\" data-block-id=\"244aa4b\"><div class=\"stk-row stk-inner-blocks stk-block-content stk-content-align stk-244aa4b-column\">\n<div class=\"wp-block-stackable-column stk-block-column stk-column stk-block stk-7165297\" data-v=\"4\" data-block-id=\"7165297\"><style>@media screen and (min-width:768px){.stk-7165297{flex:1 1 calc(15% - var(--stk-column-gap,0px) * 2 \/ 3 ) !important}}<\/style><div class=\"stk-column-wrapper stk-block-column__content stk-container stk-7165297-container stk--no-background stk--no-padding\"><div class=\"stk-block-content stk-inner-blocks stk-7165297-inner-blocks\"><\/div><\/div><\/div>\n\n\n\n<div class=\"wp-block-stackable-column stk-block-column stk-column stk-block stk-d5d7ebb\" data-v=\"4\" data-block-id=\"d5d7ebb\"><style>@media screen and (min-width:768px){.stk-d5d7ebb{flex:1 1 calc(70% - var(--stk-column-gap,0px) * 2 \/ 3 ) !important}}<\/style><div class=\"stk-column-wrapper stk-block-column__content stk-container stk-d5d7ebb-container stk--no-background stk--no-padding\"><div class=\"stk-block-content stk-inner-blocks stk-d5d7ebb-inner-blocks\">\n<p>O Plantio de \u00c1gua \u00e9 uma ferramenta de gest\u00e3o dos recursos h\u00eddricos em propriedades rurais. Tem por base os conceitos de bacias e sub-bacias hidrogr\u00e1ficas, utiliza a combina\u00e7\u00e3o de t\u00e9cnicas capazes de ampliar a quantidade e a qualidade de \u00e1gua por meio de maior capta\u00e7\u00e3o de \u00e1gua da chuva, redu\u00e7\u00e3o de enxurradas e processos erosivos, possibilitando assim uma maior infiltra\u00e7\u00e3o de \u00e1gua de chuva no solo.<\/p>\n\n\n\n<p>Incluem ao Plantio de \u00c1gua a\u00e7\u00f5es integradas de educa\u00e7\u00e3o ambiental, visando \u00e0 multiplica\u00e7\u00e3o e replica\u00e7\u00e3o da tecnologia a fim de promover mudan\u00e7as de atitude quanto \u00e0 gest\u00e3o dos recursos h\u00eddricos, a valoriza\u00e7\u00e3o de a\u00e7\u00f5es comunit\u00e1rias e as rela\u00e7\u00f5es de vizinhan\u00e7a em comunidades rurais (MEIRA, et al., 2015a). \u00c9 importante ressaltar que no ano de 2017 o Plantio de \u00c1gua foi certificado pela Funda\u00e7\u00e3o Banco do Brasil como uma Tecnologia Social.<\/p>\n\n\n\n<div class=\"wp-block-stackable-columns alignfull stk-block-columns stk-block stk-45ffa52 stk-block-background\" data-block-id=\"45ffa52\"><style>.stk-45ffa52{padding-top:80px !important;padding-bottom:80px !important}<\/style><div class=\"stk-row stk-inner-blocks stk-block-content stk-content-align stk-45ffa52-column alignwide\">\n<div class=\"wp-block-stackable-column stk-block-column stk-column stk-block stk-dc191ce\" data-v=\"4\" data-block-id=\"dc191ce\"><div class=\"stk-column-wrapper stk-block-column__content stk-container stk-dc191ce-container stk--no-background stk--no-padding\"><div class=\"stk-block-content stk-inner-blocks stk-dc191ce-inner-blocks\">\n<div class=\"wp-block-stackable-columns stk-block-columns stk-block stk-690e228\" data-block-id=\"690e228\"><style>.stk-690e228-column{--stk-column-gap:48px !important}<\/style><div class=\"stk-row stk-inner-blocks stk-block-content stk-content-align stk-690e228-column\">\n<div class=\"wp-block-stackable-column stk-block-column stk-column stk-block stk-30028ec\" data-v=\"4\" data-block-id=\"30028ec\"><div class=\"stk-column-wrapper stk-block-column__content stk-container stk-30028ec-container stk--no-background stk--no-padding\"><div class=\"stk-block-content stk-inner-blocks stk-30028ec-inner-blocks\">\n<blockquote class=\"wp-block-stackable-blockquote stk-block-blockquote stk-block stk-9299d54\" data-v=\"2\" data-block-id=\"9299d54\"><style>.stk-9299d54{margin-bottom:16px !important}<\/style><div class=\"stk-block-blockquote__content stk-container stk-9299d54-container stk--no-background stk--no-padding\"><div class=\"stk-block-content stk-inner-blocks\">\n<div class=\"wp-block-stackable-icon stk-block-icon stk-block stk-76f5da9\" data-block-id=\"76f5da9\"><style>.stk-76f5da9{top:-50px !important;left:-50px !important;position:absolute !important;opacity:0.2 !important}.stk-76f5da9 .stk--svg-wrapper .stk--inner-svg svg:last-child{height:200px !important;width:200px !important}<\/style><span class=\"stk--svg-wrapper\"><div class=\"stk--inner-svg\"><svg style=\"height:0;width:0\"><defs><linearGradient id=\"linear-gradient-76f5da9\" x1=\"0\" x2=\"100%\" y1=\"0\" y2=\"0\"><stop offset=\"0%\" style=\"stop-opacity:1;stop-color:var(--linear-gradient-76-f-5-da-9-color-1)\"><\/stop><stop offset=\"100%\" style=\"stop-opacity:1;stop-color:var(--linear-gradient-76-f-5-da-9-color-2)\"><\/stop><\/linearGradient><\/defs><\/svg><svg aria-hidden=\"true\" focusable=\"false\" data-prefix=\"fas\" data-icon=\"tint\" class=\"svg-inline--fa fa-tint fa-w-11\" xmlns=\"http:\/\/www.w3.org\/2000\/svg\" viewBox=\"0 0 352 512\" width=\"32\" height=\"32\"><path fill=\"currentColor\" d=\"M205.22 22.09c-7.94-28.78-49.44-30.12-58.44 0C100.01 179.85 0 222.72 0 333.91 0 432.35 78.72 512 176 512s176-79.65 176-178.09c0-111.75-99.79-153.34-146.78-311.82zM176 448c-61.75 0-112-50.25-112-112 0-8.84 7.16-16 16-16s16 7.16 16 16c0 44.11 35.89 80 80 80 8.84 0 16 7.16 16 16s-7.16 16-16 16z\"><\/path><\/svg><\/div><\/span><\/div>\n\n\n\n<div class=\"wp-block-stackable-text stk-block-text stk-block stk-7590042\" data-block-id=\"7590042\"><style>.stk-7590042 .stk-block-text__text{font-size:40px !important;color:#2a4b21 !important;line-height:1.5em !important;font-weight:700 !important;font-family:\"Merriweather\",Sans-serif !important}@media screen and (max-width:1023px){.stk-7590042 .stk-block-text__text{font-size:40px !important}}<\/style><p class=\"stk-block-text__text has-text-color\">Plantio de \u00e1gua no Parque do Cristo<\/p><\/div>\n<\/div><\/div><\/blockquote>\n\n\n\n<div class=\"wp-block-stackable-text stk-block-text stk-block stk-f7dcf93\" data-block-id=\"f7dcf93\"><p class=\"stk-block-text__text\">No Parque do Cristo foram implantadas xx caixas secas com o objetivo de &#8230;&#8230;<\/p><\/div>\n<\/div><\/div><\/div>\n\n\n\n<div class=\"wp-block-stackable-column stk-block-column stk-column stk-block stk-8ea855f\" data-v=\"4\" data-block-id=\"8ea855f\"><div class=\"stk-column-wrapper stk-block-column__content stk-container stk-8ea855f-container stk--no-background stk--no-padding\"><div class=\"stk-block-content stk-inner-blocks stk-8ea855f-inner-blocks\">\n<div class=\"wp-block-stackable-image stk-block-image stk-block stk-d9a0d51\" data-block-id=\"d9a0d51\"><style>.stk-d9a0d51 .stk-img-wrapper{height:400px !important}<\/style><figure><div class=\"stk-img-wrapper stk-image--shape-stretch\"><img decoding=\"async\" loading=\"lazy\" class=\"stk-img wp-image-374\" src=\"https:\/\/vaqueano.com.br\/wordpress\/wp-content\/uploads\/2024\/04\/pexels-valentin-s-589802-scaled.jpg\" width=\"2560\" height=\"1707\" srcset=\"https:\/\/vaqueano.com.br\/wordpress\/wp-content\/uploads\/2024\/04\/pexels-valentin-s-589802-scaled.jpg 2560w, https:\/\/vaqueano.com.br\/wordpress\/wp-content\/uploads\/2024\/04\/pexels-valentin-s-589802-300x200.jpg 300w, https:\/\/vaqueano.com.br\/wordpress\/wp-content\/uploads\/2024\/04\/pexels-valentin-s-589802-1024x683.jpg 1024w, https:\/\/vaqueano.com.br\/wordpress\/wp-content\/uploads\/2024\/04\/pexels-valentin-s-589802-768x512.jpg 768w, https:\/\/vaqueano.com.br\/wordpress\/wp-content\/uploads\/2024\/04\/pexels-valentin-s-589802-1536x1024.jpg 1536w, https:\/\/vaqueano.com.br\/wordpress\/wp-content\/uploads\/2024\/04\/pexels-valentin-s-589802-2048x1365.jpg 2048w\" sizes=\"(max-width: 2560px) 100vw, 2560px\" \/><\/div><\/figure><\/div>\n<\/div><\/div><\/div>\n<\/div><\/div>\n\n\n\n<div class=\"wp-block-stackable-divider stk-block-divider stk-block stk-59a0715\" data-block-id=\"59a0715\"><style>.stk-59a0715 hr.stk-block-divider__hr{background:#ed5521 !important;width:100% !important}<\/style><hr class=\"stk-block-divider__hr\"\/><\/div>\n\n\n\n<div class=\"wp-block-stackable-columns stk-block-columns stk-block stk-fe5eb2c\" data-block-id=\"fe5eb2c\"><div class=\"stk-row stk-inner-blocks stk-block-content stk-content-align stk-fe5eb2c-column\">\n<div class=\"wp-block-stackable-column stk-block-column stk-column stk-block stk-526677e\" data-v=\"4\" data-block-id=\"526677e\"><style>@media screen and (min-width:768px){.stk-526677e{flex:1 1 25% !important}}<\/style><div class=\"stk-column-wrapper stk-block-column__content stk-container stk-526677e-container stk--no-background stk--no-padding\"><div class=\"stk-block-content stk-inner-blocks stk-526677e-inner-blocks\">\n<div class=\"wp-block-stackable-image stk-block-image stk-block stk-e8ae05e\" data-block-id=\"e8ae05e\"><style>.stk-e8ae05e .stk-img-wrapper{height:300px !important}<\/style><figure><div class=\"stk-img-wrapper stk-image--shape-stretch\"><img decoding=\"async\" loading=\"lazy\" class=\"stk-img wp-image-425\" src=\"https:\/\/vaqueano.com.br\/wordpress\/wp-content\/uploads\/2024\/04\/pexels-mali-maeder-142497-scaled.jpg\" width=\"2560\" height=\"1704\" srcset=\"https:\/\/vaqueano.com.br\/wordpress\/wp-content\/uploads\/2024\/04\/pexels-mali-maeder-142497-scaled.jpg 2560w, https:\/\/vaqueano.com.br\/wordpress\/wp-content\/uploads\/2024\/04\/pexels-mali-maeder-142497-300x200.jpg 300w, https:\/\/vaqueano.com.br\/wordpress\/wp-content\/uploads\/2024\/04\/pexels-mali-maeder-142497-1024x681.jpg 1024w, https:\/\/vaqueano.com.br\/wordpress\/wp-content\/uploads\/2024\/04\/pexels-mali-maeder-142497-768x511.jpg 768w, https:\/\/vaqueano.com.br\/wordpress\/wp-content\/uploads\/2024\/04\/pexels-mali-maeder-142497-1536x1022.jpg 1536w, https:\/\/vaqueano.com.br\/wordpress\/wp-content\/uploads\/2024\/04\/pexels-mali-maeder-142497-2048x1363.jpg 2048w\" sizes=\"(max-width: 2560px) 100vw, 2560px\" \/><\/div><\/figure><\/div>\n<\/div><\/div><\/div>\n\n\n\n<div class=\"wp-block-stackable-column stk-block-column stk-column stk-block stk-9c258ed\" data-v=\"4\" data-block-id=\"9c258ed\"><style>@media screen and (min-width:768px){.stk-9c258ed{flex:1 1 25% !important}}<\/style><div class=\"stk-column-wrapper stk-block-column__content stk-container stk-9c258ed-container stk--no-background stk--no-padding\"><div class=\"stk-block-content stk-inner-blocks stk-9c258ed-inner-blocks\">\n<div class=\"wp-block-stackable-image stk-block-image stk-block stk-e5a9235\" data-block-id=\"e5a9235\"><style>.stk-e5a9235 .stk-img-wrapper{height:300px !important}<\/style><figure><div class=\"stk-img-wrapper stk-image--shape-stretch\"><img decoding=\"async\" loading=\"lazy\" class=\"stk-img wp-image-379\" src=\"https:\/\/vaqueano.com.br\/wordpress\/wp-content\/uploads\/2024\/04\/pexels-kaichieh-chan-917510-scaled.jpg\" width=\"1707\" height=\"2560\" srcset=\"https:\/\/vaqueano.com.br\/wordpress\/wp-content\/uploads\/2024\/04\/pexels-kaichieh-chan-917510-scaled.jpg 1707w, https:\/\/vaqueano.com.br\/wordpress\/wp-content\/uploads\/2024\/04\/pexels-kaichieh-chan-917510-200x300.jpg 200w, https:\/\/vaqueano.com.br\/wordpress\/wp-content\/uploads\/2024\/04\/pexels-kaichieh-chan-917510-683x1024.jpg 683w, https:\/\/vaqueano.com.br\/wordpress\/wp-content\/uploads\/2024\/04\/pexels-kaichieh-chan-917510-768x1152.jpg 768w, https:\/\/vaqueano.com.br\/wordpress\/wp-content\/uploads\/2024\/04\/pexels-kaichieh-chan-917510-1024x1536.jpg 1024w, https:\/\/vaqueano.com.br\/wordpress\/wp-content\/uploads\/2024\/04\/pexels-kaichieh-chan-917510-1365x2048.jpg 1365w\" sizes=\"(max-width: 1707px) 100vw, 1707px\" \/><\/div><\/figure><\/div>\n<\/div><\/div><\/div>\n\n\n\n<div class=\"wp-block-stackable-column stk-block-column stk-column stk-block stk-3ee6ada\" data-v=\"4\" data-block-id=\"3ee6ada\"><style>@media screen and (min-width:768px){.stk-3ee6ada{flex:1 1 25% !important}}<\/style><div class=\"stk-column-wrapper stk-block-column__content stk-container stk-3ee6ada-container stk--no-background stk--no-padding\"><div class=\"stk-block-content stk-inner-blocks stk-3ee6ada-inner-blocks\">\n<div class=\"wp-block-stackable-image stk-block-image stk-block stk-7e8a2a8\" data-block-id=\"7e8a2a8\"><style>.stk-7e8a2a8 .stk-img-wrapper{height:300px !important}<\/style><figure><div class=\"stk-img-wrapper stk-image--shape-stretch\"><img decoding=\"async\" loading=\"lazy\" class=\"stk-img wp-image-348\" src=\"https:\/\/vaqueano.com.br\/wordpress\/wp-content\/uploads\/2024\/04\/pexels-anna-shvets-5029853-scaled.jpg\" width=\"1707\" height=\"2560\" srcset=\"https:\/\/vaqueano.com.br\/wordpress\/wp-content\/uploads\/2024\/04\/pexels-anna-shvets-5029853-scaled.jpg 1707w, https:\/\/vaqueano.com.br\/wordpress\/wp-content\/uploads\/2024\/04\/pexels-anna-shvets-5029853-200x300.jpg 200w, https:\/\/vaqueano.com.br\/wordpress\/wp-content\/uploads\/2024\/04\/pexels-anna-shvets-5029853-683x1024.jpg 683w, https:\/\/vaqueano.com.br\/wordpress\/wp-content\/uploads\/2024\/04\/pexels-anna-shvets-5029853-768x1152.jpg 768w, https:\/\/vaqueano.com.br\/wordpress\/wp-content\/uploads\/2024\/04\/pexels-anna-shvets-5029853-1024x1536.jpg 1024w, https:\/\/vaqueano.com.br\/wordpress\/wp-content\/uploads\/2024\/04\/pexels-anna-shvets-5029853-1365x2048.jpg 1365w\" sizes=\"(max-width: 1707px) 100vw, 1707px\" \/><\/div><\/figure><\/div>\n<\/div><\/div><\/div>\n\n\n\n<div class=\"wp-block-stackable-column stk-block-column stk-column stk-block stk-b8c9719\" data-v=\"4\" data-block-id=\"b8c9719\"><style>@media screen and (min-width:768px){.stk-b8c9719{flex:1 1 25% !important}}<\/style><div class=\"stk-column-wrapper stk-block-column__content stk-container stk-b8c9719-container stk--no-background stk--no-padding\"><div class=\"stk-block-content stk-inner-blocks stk-b8c9719-inner-blocks\">\n<div class=\"wp-block-stackable-image stk-block-image stk-block stk-ff3a167\" data-block-id=\"ff3a167\"><style>.stk-ff3a167 .stk-img-wrapper{height:300px !important}<\/style><figure><div class=\"stk-img-wrapper stk-image--shape-stretch\"><img decoding=\"async\" loading=\"lazy\" class=\"stk-img wp-image-311\" src=\"https:\/\/vaqueano.com.br\/wordpress\/wp-content\/uploads\/2024\/04\/pexels-photo-13911606-scaled.jpeg\" width=\"2560\" height=\"1920\" srcset=\"https:\/\/vaqueano.com.br\/wordpress\/wp-content\/uploads\/2024\/04\/pexels-photo-13911606-scaled.jpeg 2560w, https:\/\/vaqueano.com.br\/wordpress\/wp-content\/uploads\/2024\/04\/pexels-photo-13911606-300x225.jpeg 300w, https:\/\/vaqueano.com.br\/wordpress\/wp-content\/uploads\/2024\/04\/pexels-photo-13911606-1024x768.jpeg 1024w, https:\/\/vaqueano.com.br\/wordpress\/wp-content\/uploads\/2024\/04\/pexels-photo-13911606-768x576.jpeg 768w, https:\/\/vaqueano.com.br\/wordpress\/wp-content\/uploads\/2024\/04\/pexels-photo-13911606-1536x1152.jpeg 1536w, https:\/\/vaqueano.com.br\/wordpress\/wp-content\/uploads\/2024\/04\/pexels-photo-13911606-2048x1536.jpeg 2048w\" sizes=\"(max-width: 2560px) 100vw, 2560px\" \/><\/div><\/figure><\/div>\n<\/div><\/div><\/div>\n<\/div><\/div>\n<\/div><\/div><\/div>\n<\/div><\/div>\n<\/div><\/div><\/div>\n\n\n\n<div class=\"wp-block-stackable-column stk-block-column stk-column stk-block stk-222302b\" data-v=\"4\" data-block-id=\"222302b\"><style>@media screen and (min-width:768px){.stk-222302b{flex:1 1 calc(15% - var(--stk-column-gap,0px) * 2 \/ 3 ) !important}}<\/style><div class=\"stk-column-wrapper stk-block-column__content stk-container stk-222302b-container stk--no-background stk--no-padding\"><div class=\"stk-block-content stk-inner-blocks stk-222302b-inner-blocks\"><\/div><\/div><\/div>\n<\/div><\/div>\n\n\n\n<div class=\"wp-block-stackable-columns stk-block-columns stk-block stk-6a69d34\" data-block-id=\"6a69d34\"><style>.stk-6a69d34{margin-bottom:100px !important}<\/style><div class=\"stk-row stk-inner-blocks stk-block-content stk-content-align stk-6a69d34-column\">\n<div class=\"wp-block-stackable-column stk-block-column stk-column stk-block stk-ae08f8f\" data-v=\"4\" data-block-id=\"ae08f8f\"><style>@media screen and (min-width:768px){.stk-ae08f8f{flex:1 1 calc(15% - var(--stk-column-gap,0px) * 2 \/ 3 ) !important}}<\/style><div class=\"stk-column-wrapper stk-block-column__content stk-container stk-ae08f8f-container stk--no-background stk--no-padding\"><div class=\"stk-block-content stk-inner-blocks stk-ae08f8f-inner-blocks\"><\/div><\/div><\/div>\n\n\n\n<div class=\"wp-block-stackable-column stk-block-column stk-column stk-block stk-545d2fc\" data-v=\"4\" data-block-id=\"545d2fc\"><style>@media screen and (min-width:768px){.stk-545d2fc{flex:1 1 calc(70% - var(--stk-column-gap,0px) * 2 \/ 3 ) !important}}<\/style><div class=\"stk-column-wrapper stk-block-column__content stk-container stk-545d2fc-container stk--no-background stk--no-padding\"><div class=\"stk-block-content stk-inner-blocks stk-545d2fc-inner-blocks\">\n<p>As bacias hidrogr\u00e1ficas s\u00e3o as principais unidades de planejamento para a implanta\u00e7\u00e3o do Plantio de \u00c1gua e consequente uso sustent\u00e1vel dos recursos naturais. Segundo Tucci (2014), as bacias hidrogr\u00e1ficas s\u00e3o consideradas \u00e1reas de recepta\u00e7\u00e3o da \u00e1gua, proveniente da precipita\u00e7\u00e3o, a qual converge para um \u00fanico ponto de sa\u00edda, de cota mais baixa, denominado exut\u00f3rio. Quando a \u00e1gua de uma bacia hidrogr\u00e1fica passa pelo exut\u00f3rio, ela torna-se parte da rede de drenagem de outra bacia de ordem hier\u00e1rquica superior, constituindo-se uma rela\u00e7\u00e3o bacia hidrogr\u00e1fica\/sub-bacia (PESS\u00d4A e FA\u00c7ANHA, 2016). Neste sentido, os pontos de cotas topogr\u00e1ficas mais altas no terreno onde ocorre a separa\u00e7\u00e3o da \u00e1gua precipitada, s\u00e3o considerados os limites da bacia hidrogr\u00e1fica (BERNARDI et al., 2012).<\/p>\n\n\n\n<p>As caracter\u00edsticas de uma bacia hidrogr\u00e1fica t\u00eam forte influ\u00eancia nos processos do ciclo hidrol\u00f3gico, como na infiltra\u00e7\u00e3o, evapotranspira\u00e7\u00e3o e escoamento superficial (FERREIRA, MOURA e CASTRO, 2015). Al\u00e9m disso, para entendimento do Plantio de \u00c1gua tamb\u00e9m \u00e9 muito importante considerar a abordagem do Ciclo da \u00c1gua.<\/p>\n<\/div><\/div><\/div>\n\n\n\n<div class=\"wp-block-stackable-column stk-block-column stk-column stk-block stk-d7c33b8\" data-v=\"4\" data-block-id=\"d7c33b8\"><style>@media screen and (min-width:768px){.stk-d7c33b8{flex:1 1 calc(15% - var(--stk-column-gap,0px) * 2 \/ 3 ) !important}}<\/style><div class=\"stk-column-wrapper stk-block-column__content stk-container stk-d7c33b8-container stk--no-background stk--no-padding\"><div class=\"stk-block-content stk-inner-blocks stk-d7c33b8-inner-blocks\"><\/div><\/div><\/div>\n<\/div><\/div>\n","protected":false},"excerpt":{"rendered":"<p>Plantio de \u00c1gua O Plantio de \u00c1gua \u00e9 uma ferramenta de gest\u00e3o dos recursos h\u00eddricos em propriedades rurais. Tem por [&hellip;]<\/p>\n","protected":false},"author":1,"featured_media":0,"parent":0,"menu_order":0,"comment_status":"closed","ping_status":"closed","template":"","meta":{"_eb_attr":"","site-sidebar-layout":"default","site-content-layout":"","ast-site-content-layout":"","site-content-style":"default","site-sidebar-style":"default","ast-global-header-display":"","ast-banner-title-visibility":"","ast-main-header-display":"","ast-hfb-above-header-display":"","ast-hfb-below-header-display":"","ast-hfb-mobile-header-display":"","site-post-title":"","ast-breadcrumbs-content":"","ast-featured-img":"","footer-sml-layout":"","theme-transparent-header-meta":"","adv-header-id-meta":"","stick-header-meta":"","header-above-stick-meta":"","header-main-stick-meta":"","header-below-stick-meta":"","astra-migrate-meta-layouts":"default","ast-page-background-enabled":"default","ast-page-background-meta":{"desktop":{"background-color":"var(--ast-global-color-4)","background-image":"","background-repeat":"repeat","background-position":"center center","background-size":"auto","background-attachment":"scroll","background-type":"","background-media":"","overlay-type":"","overlay-color":"","overlay-gradient":""},"tablet":{"background-color":"","background-image":"","background-repeat":"repeat","background-position":"center center","background-size":"auto","background-attachment":"scroll","background-type":"","background-media":"","overlay-type":"","overlay-color":"","overlay-gradient":""},"mobile":{"background-color":"","background-image":"","background-repeat":"repeat","background-position":"center center","background-size":"auto","background-attachment":"scroll","background-type":"","background-media":"","overlay-type":"","overlay-color":"","overlay-gradient":""}},"ast-content-background-meta":{"desktop":{"background-color":"var(--ast-global-color-5)","background-image":"","background-repeat":"repeat","background-position":"center center","background-size":"auto","background-attachment":"scroll","background-type":"","background-media":"","overlay-type":"","overlay-color":"","overlay-gradient":""},"tablet":{"background-color":"var(--ast-global-color-5)","background-image":"","background-repeat":"repeat","background-position":"center center","background-size":"auto","background-attachment":"scroll","background-type":"","background-media":"","overlay-type":"","overlay-color":"","overlay-gradient":""},"mobile":{"background-color":"var(--ast-global-color-5)","background-image":"","background-repeat":"repeat","background-position":"center center","background-size":"auto","background-attachment":"scroll","background-type":"","background-media":"","overlay-type":"","overlay-color":"","overlay-gradient":""}},"footnotes":""},"featured_image_urls":{"full":"","thumbnail":"","medium":"","medium_large":"","large":"","1536x1536":"","2048x2048":""},"post_excerpt_stackable":"<p>Plantio de \u00c1gua O Plantio de \u00c1gua \u00e9 uma ferramenta de gest\u00e3o dos recursos h\u00eddricos em propriedades rurais. Tem por base os conceitos de bacias e sub-bacias hidrogr\u00e1ficas, utiliza a combina\u00e7\u00e3o de t\u00e9cnicas capazes de ampliar a quantidade e a qualidade de \u00e1gua por meio de maior capta\u00e7\u00e3o de \u00e1gua da chuva, redu\u00e7\u00e3o de enxurradas e processos erosivos, possibilitando assim uma maior infiltra\u00e7\u00e3o de \u00e1gua de chuva no solo. Incluem ao Plantio de \u00c1gua a\u00e7\u00f5es integradas de educa\u00e7\u00e3o ambiental, visando \u00e0 multiplica\u00e7\u00e3o e replica\u00e7\u00e3o da tecnologia a fim de promover mudan\u00e7as de atitude quanto \u00e0 gest\u00e3o dos recursos h\u00eddricos, a&hellip;<\/p>\n","category_list":"","author_info":{"name":"admin","url":"https:\/\/vaqueano.com.br\/wordpress\/author\/admin\/"},"comments_num":"0 coment\u00e1rio","_links":{"self":[{"href":"https:\/\/vaqueano.com.br\/wordpress\/wp-json\/wp\/v2\/pages\/1589"}],"collection":[{"href":"https:\/\/vaqueano.com.br\/wordpress\/wp-json\/wp\/v2\/pages"}],"about":[{"href":"https:\/\/vaqueano.com.br\/wordpress\/wp-json\/wp\/v2\/types\/page"}],"author":[{"embeddable":true,"href":"https:\/\/vaqueano.com.br\/wordpress\/wp-json\/wp\/v2\/users\/1"}],"replies":[{"embeddable":true,"href":"https:\/\/vaqueano.com.br\/wordpress\/wp-json\/wp\/v2\/comments?post=1589"}],"version-history":[{"count":5,"href":"https:\/\/vaqueano.com.br\/wordpress\/wp-json\/wp\/v2\/pages\/1589\/revisions"}],"predecessor-version":[{"id":1598,"href":"https:\/\/vaqueano.com.br\/wordpress\/wp-json\/wp\/v2\/pages\/1589\/revisions\/1598"}],"wp:attachment":[{"href":"https:\/\/vaqueano.com.br\/wordpress\/wp-json\/wp\/v2\/media?parent=1589"}],"curies":[{"name":"wp","href":"https:\/\/api.w.org\/{rel}","templated":true}]}}