{"id":1599,"date":"2024-05-03T10:42:43","date_gmt":"2024-05-03T13:42:43","guid":{"rendered":"https:\/\/vaqueano.com.br\/wordpress\/?page_id=1599"},"modified":"2024-05-03T10:53:13","modified_gmt":"2024-05-03T13:53:13","slug":"homeopatia","status":"publish","type":"page","link":"https:\/\/vaqueano.com.br\/wordpress\/homeopatia\/","title":{"rendered":"Homeopatia"},"content":{"rendered":"\n<div class=\"wp-block-stackable-call-to-action alignfull stk-block-call-to-action stk-block stk-fa1d540 stk-block-background stk--has-background-overlay\" data-v=\"2\" data-block-id=\"fa1d540\"><style>.stk-fa1d540{background-color:#000000ff !important;background-image:url(https:\/\/vaqueano.com.br\/wordpress\/wp-content\/uploads\/2024\/04\/pexels-anna-shvets-5029853-scaled.jpg) !important;min-height:500px !important;align-items:center !important;display:flex !important}.stk-fa1d540:before{background-color:#000000ff !important;opacity:0.3 !important}<\/style><div class=\"stk-block-call-to-action__content stk-content-align stk-fa1d540-column alignwide stk-container stk-fa1d540-container stk--no-background stk--no-padding\"><div class=\"has-text-align-center stk-block-content stk-inner-blocks stk-fa1d540-inner-blocks\">\n<div class=\"wp-block-stackable-heading stk-block-heading stk-block-heading--v2 stk-block stk-8ffd69c\" id=\"homeopatia\" data-block-id=\"8ffd69c\"><style>.stk-8ffd69c .stk-block-heading__text{font-size:50px !important;color:#FFFFFF !important;font-weight:900 !important;font-family:\"Merriweather\",Sans-serif !important}@media screen and (max-width:1023px){.stk-8ffd69c .stk-block-heading__text{font-size:50px !important}}<\/style><h3 class=\"stk-block-heading__text has-text-color has-white-color\">Homeopatia<\/h3><\/div>\n<\/div><\/div><\/div>\n\n\n\n<div class=\"wp-block-stackable-columns stk-block-columns stk-block stk-1a48106\" data-block-id=\"1a48106\"><style>.stk-1a48106{margin-bottom:60px !important}<\/style><div class=\"stk-row stk-inner-blocks stk-block-content stk-content-align stk-1a48106-column\">\n<div class=\"wp-block-stackable-column stk-block-column stk-column stk-block stk-7bb279b\" data-v=\"4\" data-block-id=\"7bb279b\"><style>@media screen and (min-width:768px){.stk-7bb279b{flex:1 1 calc(15% - var(--stk-column-gap,0px) * 2 \/ 3 ) !important}}<\/style><div class=\"stk-column-wrapper stk-block-column__content stk-container stk-7bb279b-container stk--no-background stk--no-padding\"><div class=\"stk-block-content stk-inner-blocks stk-7bb279b-inner-blocks\"><\/div><\/div><\/div>\n\n\n\n<div class=\"wp-block-stackable-column stk-block-column stk-column stk-block stk-2072277\" data-v=\"4\" data-block-id=\"2072277\"><style>@media screen and (min-width:768px){.stk-2072277{flex:1 1 calc(70% - var(--stk-column-gap,0px) * 2 \/ 3 ) !important}}<\/style><div class=\"stk-column-wrapper stk-block-column__content stk-container stk-2072277-container stk--no-background stk--no-padding\"><div class=\"stk-block-content stk-inner-blocks stk-2072277-inner-blocks\">\n<p>A Homeopatia foi fundamentada em 1796, pelo m\u00e9dico alem\u00e3o Samuel Hahnemann. A Homeopatia teve in\u00edcio como terap\u00eautica humana. A partir de 1920, no Instituto de Biologia (Stuttgart, Alemanha), tem-se relato das experimenta\u00e7\u00f5es em plantas. Os fundamentos, filosofia e princ\u00edpios da Homeopatia foram estabelecidos com base nas leis da natureza. A partir da natureza tamb\u00e9m prov\u00e9m os recursos que d\u00e3o origem aos preparados homeop\u00e1ticos dinamizados, aplicados, no equil\u00edbrio dos organismos vivos.<\/p>\n\n\n\n<p>A homeopatia tem como base a experimenta\u00e7\u00e3o das prepara\u00e7\u00f5es altamente dilu\u00eddas e sucussionadas. Todos os fen\u00f4menos da homeopatia s\u00e3o repet\u00edveis, s\u00e3o previs\u00edveis, s\u00e3o quantific\u00e1veis, s\u00e3o descrit\u00edveis e tem rela\u00e7\u00e3o causa-efeito.<\/p>\n\n\n\n<p>A Homeopatia \u00e9 tecnologia social praticada pelas fam\u00edlias agr\u00edcolas no Brasil a muitos anos. Os princ\u00edpios b\u00e1sicos destas ci\u00eancias t\u00eam fundamenta\u00e7\u00e3o em recentes teorias da f\u00edsica e sua compreens\u00e3o e aceita\u00e7\u00e3o, requer mudan\u00e7as de paradigma. A partir do in\u00edcio do s\u00e9culo 20, com a F\u00edsica Moderna, o modelo cartesiano foi profundamente questionado. Novas descobertas e teorias emergentes destes estudos fundamentam o novo paradigma denominado hol\u00edstico, tamb\u00e9m conhecido como: ecol\u00f3gico, qu\u00e2ntico ou sist\u00eamico e o paradigma emergente.<\/p>\n\n\n\n<div class=\"wp-block-stackable-columns alignfull stk-block-columns stk-block stk-31be76d\" data-block-id=\"31be76d\"><style>.stk-31be76d{padding-top:20px !important;padding-bottom:20px !important}<\/style><div class=\"stk-row stk-inner-blocks stk-block-content stk-content-align stk-31be76d-column alignfull\">\n<div class=\"wp-block-stackable-column stk-block-column stk-column stk-block stk-9d54543\" data-v=\"4\" data-block-id=\"9d54543\"><div class=\"stk-column-wrapper stk-block-column__content stk-container stk-9d54543-container stk--no-background stk--no-padding\"><div class=\"stk-block-content stk-inner-blocks stk-9d54543-inner-blocks\">\n<div class=\"wp-block-stackable-columns stk-block-columns stk-block stk-6c077e8\" data-block-id=\"6c077e8\"><div class=\"stk-row stk-inner-blocks stk-block-content stk-content-align stk-6c077e8-column\">\n<div class=\"wp-block-stackable-column stk-block-column stk-column stk-block stk-f19c87d\" data-v=\"4\" data-block-id=\"f19c87d\"><style>.stk-f19c87d-container{margin-top:0px !important;margin-right:0px !important;margin-bottom:0px !important;margin-left:0px !important}<\/style><div class=\"stk-column-wrapper stk-block-column__content stk-container stk-f19c87d-container stk--no-background stk--no-padding\"><div class=\"stk-block-content stk-inner-blocks stk-f19c87d-inner-blocks\">\n<div class=\"wp-block-stackable-image stk-block-image stk-block stk-66e4c72\" data-block-id=\"66e4c72\"><style>.stk-66e4c72{border-style:solid !important;border-color:var(--stk-global-color-58834,#ffffff) !important;border-top-width:0px !important;border-bottom-width:0px !important;border-left-width:0px !important}.stk-66e4c72 .stk-img-wrapper{height:400px !important}@media screen and (max-width:767px){.stk-66e4c72{border-right-width:0px !important;border-bottom-width:1px !important}}<\/style><figure><div class=\"stk-img-wrapper stk-image--shape-stretch\"><img decoding=\"async\" loading=\"lazy\" class=\"stk-img wp-image-348\" src=\"https:\/\/vaqueano.com.br\/wordpress\/wp-content\/uploads\/2024\/04\/pexels-anna-shvets-5029853-scaled.jpg\" width=\"1707\" height=\"2560\" srcset=\"https:\/\/vaqueano.com.br\/wordpress\/wp-content\/uploads\/2024\/04\/pexels-anna-shvets-5029853-scaled.jpg 1707w, https:\/\/vaqueano.com.br\/wordpress\/wp-content\/uploads\/2024\/04\/pexels-anna-shvets-5029853-200x300.jpg 200w, https:\/\/vaqueano.com.br\/wordpress\/wp-content\/uploads\/2024\/04\/pexels-anna-shvets-5029853-683x1024.jpg 683w, https:\/\/vaqueano.com.br\/wordpress\/wp-content\/uploads\/2024\/04\/pexels-anna-shvets-5029853-768x1152.jpg 768w, https:\/\/vaqueano.com.br\/wordpress\/wp-content\/uploads\/2024\/04\/pexels-anna-shvets-5029853-1024x1536.jpg 1024w, https:\/\/vaqueano.com.br\/wordpress\/wp-content\/uploads\/2024\/04\/pexels-anna-shvets-5029853-1365x2048.jpg 1365w\" sizes=\"(max-width: 1707px) 100vw, 1707px\" \/><\/div><\/figure><\/div>\n<\/div><\/div><\/div>\n\n\n\n<div class=\"wp-block-stackable-column stk-block-column stk-column stk-block stk-343fd67\" data-v=\"4\" data-block-id=\"343fd67\"><style>.stk-343fd67-container{margin-top:0px !important;margin-right:0px !important;margin-bottom:0px !important;margin-left:0px !important}<\/style><div class=\"stk-column-wrapper stk-block-column__content stk-container stk-343fd67-container stk--no-background stk--no-padding\"><div class=\"stk-block-content stk-inner-blocks stk-343fd67-inner-blocks\">\n<div class=\"wp-block-stackable-image stk-block-image stk-block stk-5d0c47f\" data-block-id=\"5d0c47f\"><style>.stk-5d0c47f .stk-img-wrapper{height:400px !important}<\/style><figure><div class=\"stk-img-wrapper stk-image--shape-stretch\"><img decoding=\"async\" loading=\"lazy\" class=\"stk-img wp-image-374\" src=\"https:\/\/vaqueano.com.br\/wordpress\/wp-content\/uploads\/2024\/04\/pexels-valentin-s-589802-scaled.jpg\" width=\"2560\" height=\"1707\" srcset=\"https:\/\/vaqueano.com.br\/wordpress\/wp-content\/uploads\/2024\/04\/pexels-valentin-s-589802-scaled.jpg 2560w, https:\/\/vaqueano.com.br\/wordpress\/wp-content\/uploads\/2024\/04\/pexels-valentin-s-589802-300x200.jpg 300w, https:\/\/vaqueano.com.br\/wordpress\/wp-content\/uploads\/2024\/04\/pexels-valentin-s-589802-1024x683.jpg 1024w, https:\/\/vaqueano.com.br\/wordpress\/wp-content\/uploads\/2024\/04\/pexels-valentin-s-589802-768x512.jpg 768w, https:\/\/vaqueano.com.br\/wordpress\/wp-content\/uploads\/2024\/04\/pexels-valentin-s-589802-1536x1024.jpg 1536w, https:\/\/vaqueano.com.br\/wordpress\/wp-content\/uploads\/2024\/04\/pexels-valentin-s-589802-2048x1365.jpg 2048w\" sizes=\"(max-width: 2560px) 100vw, 2560px\" \/><\/div><\/figure><\/div>\n<\/div><\/div><\/div>\n\n\n\n<div class=\"wp-block-stackable-column stk-block-column stk-column stk-block stk-fa5b6bd\" data-v=\"4\" data-block-id=\"fa5b6bd\"><style>.stk-fa5b6bd-container{margin-top:0px !important;margin-right:0px !important;margin-bottom:0px !important;margin-left:0px !important}<\/style><div class=\"stk-column-wrapper stk-block-column__content stk-container stk-fa5b6bd-container stk--no-background stk--no-padding\"><div class=\"stk-block-content stk-inner-blocks stk-fa5b6bd-inner-blocks\">\n<div class=\"wp-block-stackable-image stk-block-image stk-block stk-3240fb7\" data-block-id=\"3240fb7\"><style>.stk-3240fb7{border-style:solid !important;border-color:var(--stk-global-color-58834,#ffffff) !important;border-top-width:0px !important;border-right-width:0px !important;border-bottom-width:0px !important}.stk-3240fb7 .stk-img-wrapper{height:400px !important}@media screen and (max-width:767px){.stk-3240fb7{border-top-width:1px !important;border-left-width:0px !important}}<\/style><figure><div class=\"stk-img-wrapper stk-image--shape-stretch\"><img decoding=\"async\" loading=\"lazy\" class=\"stk-img wp-image-425\" src=\"https:\/\/vaqueano.com.br\/wordpress\/wp-content\/uploads\/2024\/04\/pexels-mali-maeder-142497-scaled.jpg\" width=\"2560\" height=\"1704\" srcset=\"https:\/\/vaqueano.com.br\/wordpress\/wp-content\/uploads\/2024\/04\/pexels-mali-maeder-142497-scaled.jpg 2560w, https:\/\/vaqueano.com.br\/wordpress\/wp-content\/uploads\/2024\/04\/pexels-mali-maeder-142497-300x200.jpg 300w, https:\/\/vaqueano.com.br\/wordpress\/wp-content\/uploads\/2024\/04\/pexels-mali-maeder-142497-1024x681.jpg 1024w, https:\/\/vaqueano.com.br\/wordpress\/wp-content\/uploads\/2024\/04\/pexels-mali-maeder-142497-768x511.jpg 768w, https:\/\/vaqueano.com.br\/wordpress\/wp-content\/uploads\/2024\/04\/pexels-mali-maeder-142497-1536x1022.jpg 1536w, https:\/\/vaqueano.com.br\/wordpress\/wp-content\/uploads\/2024\/04\/pexels-mali-maeder-142497-2048x1363.jpg 2048w\" sizes=\"(max-width: 2560px) 100vw, 2560px\" \/><\/div><\/figure><\/div>\n<\/div><\/div><\/div>\n<\/div><\/div>\n<\/div><\/div><\/div>\n<\/div><\/div>\n\n\n\n<p>Contrapondo-se a vis\u00e3o reducionista do paradigma cartesiano-newtoniano, o paradigma hol\u00edstico prop\u00f5e investigar a realidade em todos os seus aspectos, buscando a compreens\u00e3o da totalidade. Concorda com os paradigmas emergentes que os organismos s\u00e3o totalidades org\u00e2nicas, que n\u00e3o podem ser reduzidas \u00e0 f\u00edsica e \u00e0 qu\u00edmica de sistemas mais simples, pois s\u00e3o complexos. Al\u00e9m disso, a teoria hol\u00edstica considera toda a natureza como viva, at\u00e9 mesmo os cristais, as mol\u00e9culas e os \u00e1tomos s\u00e3o organismos vivos representando a vers\u00e3o atualizada do animismo pr\u00e9-mecanicista defendido pelos vitalistas.<\/p>\n\n\n\n<p>Trabalhar com a Homeopatia \u00e9 estudar as Leis da Natureza, \u00e9 aprender a aplicar estas leis na pr\u00e1tica do dia a dia utilizando os preparados homeop\u00e1ticos, com pouco recurso, baixa energia e muita efici\u00eancia e sustentabilidade.<\/p>\n\n\n\n<p>Uma das ferramentas utilizadas no diagn\u00f3stico homeop\u00e1tico do Parque do Cristo \u00e9 a Radiestesia que significa \u201carte de sentir\u201d, perceber e identificar as microrradia\u00e7\u00f5es ou ondas. O sucesso da pr\u00e1tica da radiestesia depende que o radiestesista desenvolva como canal entre o micro e o macrocosmo. O radiestesista consegue perceber microvibra\u00e7\u00f5es (campo de micro e macrocosmo) que nenhum instrumento consegue. N\u00e3o somos m\u00e1quinas no sentido da ci\u00eancia mecanicista determinista Somos seres c\u00f3smicos e nossa consci\u00eancia n\u00e3o pertence ao c\u00e9rebro, apenas utiliza o c\u00e9rebro como meio de funcionamento para acessar todo o Universo.<\/p>\n<\/div><\/div><\/div>\n\n\n\n<div class=\"wp-block-stackable-column stk-block-column stk-column stk-block stk-5f53354\" data-v=\"4\" data-block-id=\"5f53354\"><style>@media screen and (min-width:768px){.stk-5f53354{flex:1 1 calc(15% - var(--stk-column-gap,0px) * 2 \/ 3 ) !important}}<\/style><div class=\"stk-column-wrapper stk-block-column__content stk-container stk-5f53354-container stk--no-background stk--no-padding\"><div class=\"stk-block-content stk-inner-blocks stk-5f53354-inner-blocks\"><\/div><\/div><\/div>\n<\/div><\/div>\n","protected":false},"excerpt":{"rendered":"<p>Homeopatia A Homeopatia foi fundamentada em 1796, pelo m\u00e9dico alem\u00e3o Samuel Hahnemann. A Homeopatia teve in\u00edcio como terap\u00eautica humana. A [&hellip;]<\/p>\n","protected":false},"author":1,"featured_media":0,"parent":0,"menu_order":0,"comment_status":"closed","ping_status":"closed","template":"","meta":{"_eb_attr":"","site-sidebar-layout":"default","site-content-layout":"","ast-site-content-layout":"","site-content-style":"default","site-sidebar-style":"default","ast-global-header-display":"","ast-banner-title-visibility":"","ast-main-header-display":"","ast-hfb-above-header-display":"","ast-hfb-below-header-display":"","ast-hfb-mobile-header-display":"","site-post-title":"","ast-breadcrumbs-content":"","ast-featured-img":"","footer-sml-layout":"","theme-transparent-header-meta":"","adv-header-id-meta":"","stick-header-meta":"","header-above-stick-meta":"","header-main-stick-meta":"","header-below-stick-meta":"","astra-migrate-meta-layouts":"default","ast-page-background-enabled":"default","ast-page-background-meta":{"desktop":{"background-color":"var(--ast-global-color-4)","background-image":"","background-repeat":"repeat","background-position":"center center","background-size":"auto","background-attachment":"scroll","background-type":"","background-media":"","overlay-type":"","overlay-color":"","overlay-gradient":""},"tablet":{"background-color":"","background-image":"","background-repeat":"repeat","background-position":"center center","background-size":"auto","background-attachment":"scroll","background-type":"","background-media":"","overlay-type":"","overlay-color":"","overlay-gradient":""},"mobile":{"background-color":"","background-image":"","background-repeat":"repeat","background-position":"center center","background-size":"auto","background-attachment":"scroll","background-type":"","background-media":"","overlay-type":"","overlay-color":"","overlay-gradient":""}},"ast-content-background-meta":{"desktop":{"background-color":"var(--ast-global-color-5)","background-image":"","background-repeat":"repeat","background-position":"center center","background-size":"auto","background-attachment":"scroll","background-type":"","background-media":"","overlay-type":"","overlay-color":"","overlay-gradient":""},"tablet":{"background-color":"var(--ast-global-color-5)","background-image":"","background-repeat":"repeat","background-position":"center center","background-size":"auto","background-attachment":"scroll","background-type":"","background-media":"","overlay-type":"","overlay-color":"","overlay-gradient":""},"mobile":{"background-color":"var(--ast-global-color-5)","background-image":"","background-repeat":"repeat","background-position":"center center","background-size":"auto","background-attachment":"scroll","background-type":"","background-media":"","overlay-type":"","overlay-color":"","overlay-gradient":""}},"footnotes":""},"featured_image_urls":{"full":"","thumbnail":"","medium":"","medium_large":"","large":"","1536x1536":"","2048x2048":""},"post_excerpt_stackable":"<p>Homeopatia A Homeopatia foi fundamentada em 1796, pelo m\u00e9dico alem\u00e3o Samuel Hahnemann. A Homeopatia teve in\u00edcio como terap\u00eautica humana. A partir de 1920, no Instituto de Biologia (Stuttgart, Alemanha), tem-se relato das experimenta\u00e7\u00f5es em plantas. Os fundamentos, filosofia e princ\u00edpios da Homeopatia foram estabelecidos com base nas leis da natureza. A partir da natureza tamb\u00e9m prov\u00e9m os recursos que d\u00e3o origem aos preparados homeop\u00e1ticos dinamizados, aplicados, no equil\u00edbrio dos organismos vivos. A homeopatia tem como base a experimenta\u00e7\u00e3o das prepara\u00e7\u00f5es altamente dilu\u00eddas e sucussionadas. Todos os fen\u00f4menos da homeopatia s\u00e3o repet\u00edveis, s\u00e3o previs\u00edveis, s\u00e3o quantific\u00e1veis, s\u00e3o descrit\u00edveis e tem rela\u00e7\u00e3o&hellip;<\/p>\n","category_list":"","author_info":{"name":"admin","url":"https:\/\/vaqueano.com.br\/wordpress\/author\/admin\/"},"comments_num":"0 coment\u00e1rio","_links":{"self":[{"href":"https:\/\/vaqueano.com.br\/wordpress\/wp-json\/wp\/v2\/pages\/1599"}],"collection":[{"href":"https:\/\/vaqueano.com.br\/wordpress\/wp-json\/wp\/v2\/pages"}],"about":[{"href":"https:\/\/vaqueano.com.br\/wordpress\/wp-json\/wp\/v2\/types\/page"}],"author":[{"embeddable":true,"href":"https:\/\/vaqueano.com.br\/wordpress\/wp-json\/wp\/v2\/users\/1"}],"replies":[{"embeddable":true,"href":"https:\/\/vaqueano.com.br\/wordpress\/wp-json\/wp\/v2\/comments?post=1599"}],"version-history":[{"count":2,"href":"https:\/\/vaqueano.com.br\/wordpress\/wp-json\/wp\/v2\/pages\/1599\/revisions"}],"predecessor-version":[{"id":1604,"href":"https:\/\/vaqueano.com.br\/wordpress\/wp-json\/wp\/v2\/pages\/1599\/revisions\/1604"}],"wp:attachment":[{"href":"https:\/\/vaqueano.com.br\/wordpress\/wp-json\/wp\/v2\/media?parent=1599"}],"curies":[{"name":"wp","href":"https:\/\/api.w.org\/{rel}","templated":true}]}}