{"id":704,"date":"2024-04-17T07:51:07","date_gmt":"2024-04-17T10:51:07","guid":{"rendered":"https:\/\/vaqueano.com.br\/wordpress\/?page_id=704"},"modified":"2024-05-10T12:29:34","modified_gmt":"2024-05-10T15:29:34","slug":"faca-contato","status":"publish","type":"page","link":"https:\/\/vaqueano.com.br\/wordpress\/faca-contato\/","title":{"rendered":"Fa\u00e7a contato"},"content":{"rendered":"\n<div class=\"wp-block-stackable-call-to-action alignfull stk-block-call-to-action stk-block stk-fa1d540 stk-block-background stk--has-background-overlay\" data-v=\"2\" data-block-id=\"fa1d540\"><style>.stk-fa1d540{background-color:#000000ff !important;background-image:url(https:\/\/vaqueano.com.br\/wordpress\/wp-content\/uploads\/2024\/04\/pexels-keira-burton-6146922-scaled.jpg) !important;min-height:500px !important;align-items:center !important;display:flex !important}.stk-fa1d540:before{background-color:#000000ff !important;opacity:0.1 !important}<\/style><div class=\"stk-block-call-to-action__content stk-content-align stk-fa1d540-column alignwide stk-container stk-fa1d540-container stk--no-background stk--no-padding\"><div class=\"has-text-align-center stk-block-content stk-inner-blocks stk-fa1d540-inner-blocks\">\n<div class=\"wp-block-stackable-heading stk-block-heading stk-block-heading--v2 stk-block stk-8ffd69c\" id=\"faca-contato\" data-block-id=\"8ffd69c\"><style>.stk-8ffd69c .stk-block-heading__text{font-size:50px !important;color:#FFFFFF !important;font-weight:900 !important;font-family:\"Merriweather\",Sans-serif !important}@media screen and (max-width:1023px){.stk-8ffd69c .stk-block-heading__text{font-size:50px !important}}<\/style><h3 class=\"stk-block-heading__text has-text-color has-white-color\">Fa\u00e7a contato<\/h3><\/div>\n<\/div><\/div><\/div>\n\n\n\n<div class=\"wp-block-stackable-columns stk-block-columns stk-block stk-b8c8ee4\" data-block-id=\"b8c8ee4\"><style>.stk-b8c8ee4{margin-top:60px !important;margin-bottom:40px !important}<\/style><div class=\"stk-row stk-inner-blocks stk-block-content stk-content-align stk-b8c8ee4-column\">\n<div class=\"wp-block-stackable-column stk-block-column stk-column stk-block stk-6a50b68\" data-v=\"4\" data-block-id=\"6a50b68\"><style>@media screen and (min-width:768px){.stk-6a50b68{flex:1 1 25% !important}}<\/style><div class=\"stk-column-wrapper stk-block-column__content stk-container stk-6a50b68-container stk--no-background stk--no-padding\"><div class=\"stk-block-content stk-inner-blocks stk-6a50b68-inner-blocks\"><\/div><\/div><\/div>\n\n\n\n<div class=\"wp-block-stackable-column stk-block-column stk-column stk-block stk-8d35ef2\" data-v=\"4\" data-block-id=\"8d35ef2\"><style>@media screen and (min-width:768px){.stk-8d35ef2{flex:1 1 50% !important}}<\/style><div class=\"stk-column-wrapper stk-block-column__content stk-container stk-8d35ef2-container stk--no-background stk--no-padding\"><div class=\"stk-block-content stk-inner-blocks stk-8d35ef2-inner-blocks\">\n<p>Uma unidade de conserva\u00e7\u00e3o, como o Parque Natural Municipal do Cristo Redentor, \u00e9 criada para conservar o meio f\u00edsico e bi\u00f3tico, mas tamb\u00e9m para proporcionar aos moradores de Vi\u00e7osa e visitantes, um local agrad\u00e1vel e seguro de visita\u00e7\u00e3o. Esperamos que, em breve, o parque esteja em condi\u00e7\u00f5es de receber voc\u00ea, sua fam\u00edlia e seus amigos e amigas. Mas para que isso aconte\u00e7a muitas a\u00e7\u00f5es ainda precisam ser realizadas.<br><br>Sua opini\u00e3o e participa\u00e7\u00e3o \u00e9 muito importante para que esse projeto d\u00ea certo. Use esse espa\u00e7o para deixar coment\u00e1rios, sugest\u00f5es, d\u00favidas, cr\u00edticas, dicas que possam ser \u00fateis para que o trabalho seja realizado de modo mais eficiente e atenda \u00e0s expectativas da comunidade vi\u00e7osense.<\/p>\n<\/div><\/div><\/div>\n\n\n\n<div class=\"wp-block-stackable-column stk-block-column stk-column stk-block stk-5f8a4e4\" data-v=\"4\" data-block-id=\"5f8a4e4\"><style>@media screen and (min-width:768px){.stk-5f8a4e4{flex:1 1 25% !important}}<\/style><div class=\"stk-column-wrapper stk-block-column__content stk-container stk-5f8a4e4-container stk--no-background stk--no-padding\"><div class=\"stk-block-content stk-inner-blocks stk-5f8a4e4-inner-blocks\"><\/div><\/div><\/div>\n<\/div><\/div>\n\n\n\n<div class=\"wp-block-stackable-columns stk-block-columns stk-block stk-c3887f9\" data-block-id=\"c3887f9\"><style>.stk-c3887f9{margin-bottom:40px !important}<\/style><div class=\"stk-row stk-inner-blocks stk-block-content stk-content-align stk-c3887f9-column\">\n<div class=\"wp-block-stackable-column stk-block-column stk-column stk-block stk-79148d4\" data-v=\"4\" data-block-id=\"79148d4\"><div class=\"stk-column-wrapper stk-block-column__content stk-container stk-79148d4-container stk--no-background stk--no-padding\"><div class=\"stk-block-content stk-inner-blocks stk-79148d4-inner-blocks\"><\/div><\/div><\/div>\n\n\n\n<div class=\"wp-block-stackable-column stk-block-column stk-column stk-block stk-88b5ff8\" data-v=\"4\" data-block-id=\"88b5ff8\"><div class=\"stk-column-wrapper stk-block-column__content stk-container stk-88b5ff8-container stk--no-background stk--no-padding\"><div class=\"stk-block-content stk-inner-blocks stk-88b5ff8-inner-blocks\">\n<div class=\"wp-block-stackable-button-group stk-block-button-group stk-block stk-20dfdb5\" data-block-id=\"20dfdb5\"><div class=\"stk-row stk-inner-blocks has-text-align-center stk-block-content stk-button-group\">\n<div class=\"wp-block-stackable-icon-button stk-block-icon-button stk-block stk-a00134a\" data-block-id=\"a00134a\"><style>.stk-a00134a .stk-button{background:var(--ast-global-color-5) !important}.stk-a00134a .stk-button:before{border-style:solid !important}.stk-a00134a .stk-button .stk--inner-svg svg:last-child,.stk-a00134a .stk-button .stk--inner-svg svg:last-child :is(g,path,rect,polygon,ellipse){fill:#ed5521 !important}<\/style><a class=\"stk-link stk-button stk--hover-effect-darken\" href=\"https:\/\/www.facebook.com\/parquedocristovicosa\" target=\"_blank\" rel=\"noreferrer noopener\"><span class=\"stk--svg-wrapper\"><div class=\"stk--inner-svg\"><svg aria-hidden=\"true\" focusable=\"false\" data-prefix=\"fab\" data-icon=\"facebook\" class=\"svg-inline--fa fa-facebook fa-w-16\" xmlns=\"http:\/\/www.w3.org\/2000\/svg\" viewBox=\"0 0 512 512\" width=\"32\" height=\"32\"><path fill=\"currentColor\" d=\"M504 256C504 119 393 8 256 8S8 119 8 256c0 123.78 90.69 226.38 209.25 245V327.69h-63V256h63v-54.64c0-62.15 37-96.48 93.67-96.48 27.14 0 55.52 4.84 55.52 4.84v61h-31.28c-30.8 0-40.41 19.12-40.41 38.73V256h68.78l-11 71.69h-57.78V501C413.31 482.38 504 379.78 504 256z\"><\/path><\/svg><\/div><\/span><\/a><\/div>\n\n\n\n<div class=\"wp-block-stackable-icon-button stk-block-icon-button stk-block stk-bcce393\" data-block-id=\"bcce393\"><style>.stk-bcce393 .stk-button{background:var(--ast-global-color-5) !important}.stk-bcce393 .stk-button:before{border-style:solid !important}.stk-bcce393 .stk-button .stk--inner-svg svg:last-child,.stk-bcce393 .stk-button .stk--inner-svg svg:last-child :is(g,path,rect,polygon,ellipse){fill:#ed5521 !important}<\/style><a class=\"stk-link stk-button stk--hover-effect-darken\" href=\"https:\/\/www.instagram.com\/parquedocristo\/\" target=\"_blank\" rel=\"noreferrer noopener\"><span class=\"stk--svg-wrapper\"><div class=\"stk--inner-svg\"><svg aria-hidden=\"true\" focusable=\"false\" data-prefix=\"fab\" data-icon=\"instagram\" class=\"svg-inline--fa fa-instagram fa-w-14\" xmlns=\"http:\/\/www.w3.org\/2000\/svg\" viewBox=\"0 0 448 512\" width=\"32\" height=\"32\"><path fill=\"currentColor\" d=\"M224.1 141c-63.6 0-114.9 51.3-114.9 114.9s51.3 114.9 114.9 114.9S339 319.5 339 255.9 287.7 141 224.1 141zm0 189.6c-41.1 0-74.7-33.5-74.7-74.7s33.5-74.7 74.7-74.7 74.7 33.5 74.7 74.7-33.6 74.7-74.7 74.7zm146.4-194.3c0 14.9-12 26.8-26.8 26.8-14.9 0-26.8-12-26.8-26.8s12-26.8 26.8-26.8 26.8 12 26.8 26.8zm76.1 27.2c-1.7-35.9-9.9-67.7-36.2-93.9-26.2-26.2-58-34.4-93.9-36.2-37-2.1-147.9-2.1-184.9 0-35.8 1.7-67.6 9.9-93.9 36.1s-34.4 58-36.2 93.9c-2.1 37-2.1 147.9 0 184.9 1.7 35.9 9.9 67.7 36.2 93.9s58 34.4 93.9 36.2c37 2.1 147.9 2.1 184.9 0 35.9-1.7 67.7-9.9 93.9-36.2 26.2-26.2 34.4-58 36.2-93.9 2.1-37 2.1-147.8 0-184.8zM398.8 388c-7.8 19.6-22.9 34.7-42.6 42.6-29.5 11.7-99.5 9-132.1 9s-102.7 2.6-132.1-9c-19.6-7.8-34.7-22.9-42.6-42.6-11.7-29.5-9-99.5-9-132.1s-2.6-102.7 9-132.1c7.8-19.6 22.9-34.7 42.6-42.6 29.5-11.7 99.5-9 132.1-9s102.7-2.6 132.1 9c19.6 7.8 34.7 22.9 42.6 42.6 11.7 29.5 9 99.5 9 132.1s2.7 102.7-9 132.1z\"><\/path><\/svg><\/div><\/span><\/a><\/div>\n\n\n\n<div class=\"wp-block-stackable-icon-button stk-block-icon-button stk-block stk-7c09bd8\" data-block-id=\"7c09bd8\"><style>.stk-7c09bd8 .stk-button{background:var(--ast-global-color-5) !important}.stk-7c09bd8 .stk-button:before{border-style:solid !important}.stk-7c09bd8 .stk-button .stk--inner-svg svg:last-child,.stk-7c09bd8 .stk-button .stk--inner-svg svg:last-child :is(g,path,rect,polygon,ellipse){fill:#ed5521 !important}<\/style><a class=\"stk-link stk-button stk--hover-effect-darken\" href=\"http:\/\/api.whatsapp.com\/send?1=pt_BR&amp;phone=5531971874734\" target=\"_blank\" rel=\"noreferrer noopener\"><span class=\"stk--svg-wrapper\"><div class=\"stk--inner-svg\"><svg aria-hidden=\"true\" focusable=\"false\" data-prefix=\"fab\" data-icon=\"whatsapp\" class=\"svg-inline--fa fa-whatsapp fa-w-14\" xmlns=\"http:\/\/www.w3.org\/2000\/svg\" viewBox=\"0 0 448 512\" width=\"32\" height=\"32\"><path fill=\"currentColor\" d=\"M380.9 97.1C339 55.1 283.2 32 223.9 32c-122.4 0-222 99.6-222 222 0 39.1 10.2 77.3 29.6 111L0 480l117.7-30.9c32.4 17.7 68.9 27 106.1 27h.1c122.3 0 224.1-99.6 224.1-222 0-59.3-25.2-115-67.1-157zm-157 341.6c-33.2 0-65.7-8.9-94-25.7l-6.7-4-69.8 18.3L72 359.2l-4.4-7c-18.5-29.4-28.2-63.3-28.2-98.2 0-101.7 82.8-184.5 184.6-184.5 49.3 0 95.6 19.2 130.4 54.1 34.8 34.9 56.2 81.2 56.1 130.5 0 101.8-84.9 184.6-186.6 184.6zm101.2-138.2c-5.5-2.8-32.8-16.2-37.9-18-5.1-1.9-8.8-2.8-12.5 2.8-3.7 5.6-14.3 18-17.6 21.8-3.2 3.7-6.5 4.2-12 1.4-32.6-16.3-54-29.1-75.5-66-5.7-9.8 5.7-9.1 16.3-30.3 1.8-3.7.9-6.9-.5-9.7-1.4-2.8-12.5-30.1-17.1-41.2-4.5-10.8-9.1-9.3-12.5-9.5-3.2-.2-6.9-.2-10.6-.2-3.7 0-9.7 1.4-14.8 6.9-5.1 5.6-19.4 19-19.4 46.3 0 27.3 19.9 53.7 22.6 57.4 2.8 3.7 39.1 59.7 94.8 83.8 35.2 15.2 49 16.5 66.6 13.9 10.7-1.6 32.8-13.4 37.4-26.4 4.6-13 4.6-24.1 3.2-26.4-1.3-2.5-5-3.9-10.5-6.6z\"><\/path><\/svg><\/div><\/span><\/a><\/div>\n<\/div><\/div>\n<\/div><\/div><\/div>\n\n\n\n<div class=\"wp-block-stackable-column stk-block-column stk-column stk-block stk-fcb0e4e\" data-v=\"4\" data-block-id=\"fcb0e4e\"><div class=\"stk-column-wrapper stk-block-column__content stk-container stk-fcb0e4e-container stk--no-background stk--no-padding\"><div class=\"stk-block-content stk-inner-blocks stk-fcb0e4e-inner-blocks\"><\/div><\/div><\/div>\n<\/div><\/div>\n\n\n\n<div class=\"wp-block-stackable-columns stk-block-columns stk-block stk-d4b2234\" data-block-id=\"d4b2234\"><style>.stk-d4b2234{margin-bottom:26px !important}<\/style><div class=\"stk-row stk-inner-blocks stk-block-content stk-content-align stk-d4b2234-column\">\n<div class=\"wp-block-stackable-column stk-block-column stk-column stk-block stk-23ab1fc\" data-v=\"4\" data-block-id=\"23ab1fc\"><style>@media screen and (min-width:768px){.stk-23ab1fc{flex:1 1 25% !important}}<\/style><div class=\"stk-column-wrapper stk-block-column__content stk-container stk-23ab1fc-container stk--no-background stk--no-padding\"><div class=\"stk-block-content stk-inner-blocks stk-23ab1fc-inner-blocks\"><\/div><\/div><\/div>\n\n\n\n<div class=\"wp-block-stackable-column stk-block-column stk-column stk-block stk-a08093f\" data-v=\"4\" data-block-id=\"a08093f\"><style>@media screen and (min-width:768px){.stk-a08093f{flex:1 1 50% !important}}<\/style><div class=\"stk-column-wrapper stk-block-column__content stk-container stk-a08093f-container stk--no-background stk--no-padding\"><div class=\"stk-block-content stk-inner-blocks stk-a08093f-inner-blocks\">\n<div class=\"eb-parent-wrapper eb-parent-eb-form-jz4e0kb \">\n    <div id=\"eb-form-jz4e0kb\" class=\"eb-form-jz4e0kb eb-form-wrapper\">\n        <form id=\"ebf-62fcd3\" class=\"eb-form form-layout-block form-style-classic\" action=\"\">\n            <div class=\"eb-form-fields\">\n                \n\n<div class=\"wp-block-essential-blocks-row alignfull\"><div class=\"eb-parent-wrapper eb-parent-eb-row-m8tc7wv \"><div class=\"eb-row-root-container eb-row-m8tc7wv\" data-id=\"eb-row-m8tc7wv\"><div class=\"eb-row-wrapper\"><div class=\"eb-row-inner\">\n<div class=\"eb-parent-wrapper eb-parent-eb-column-bomt5wc  wp-block-essential-blocks-column\"><div class=\"eb-column-wrapper eb-column-bomt5wc\"><div class=\"eb-column-inner\">\n<div class=\"wp-block-essential-blocks-form-text-field eb-form-field\"><div class=\"eb-parent-wrapper eb-parent-eb-text-field-swlk08l \"><div class=\"eb-text-field-swlk08l eb-text-field-wrapper eb-field-wrapper\"><label for=\"primeiro-nome\">Primeiro Nome <span class=\"eb-required\">*<\/span><\/label><div class=\"eb-field-input-wrap\"><i class=\"fas fa-user eb-input-icon\"><\/i><input type=\"text\" id=\"primeiro-nome\" name=\"primeiro-nome\" class=\"eb-field-input\" placeholder=\"Digite seu primeiro nome aqui...\" \/><\/div><div class=\"eb-form-validation eb-validate-primeiro-nome\">Este campo \u00e9 obrigat\u00f3rio.<\/div><\/div><\/div><\/div>\n<\/div><\/div><\/div>\n\n\n\n<div class=\"eb-parent-wrapper eb-parent-eb-column-l9ax24f  wp-block-essential-blocks-column\"><div class=\"eb-column-wrapper eb-column-l9ax24f\"><div class=\"eb-column-inner\">\n<div class=\"wp-block-essential-blocks-form-text-field eb-form-field\"><div class=\"eb-parent-wrapper eb-parent-eb-text-field-79gsbt6 \"><div class=\"eb-text-field-79gsbt6 eb-text-field-wrapper eb-field-wrapper\"><label for=\"last-name\">\u00daltimo Nome <span class=\"eb-required\">*<\/span><\/label><div class=\"eb-field-input-wrap\"><i class=\"fas fa-user eb-input-icon\"><\/i><input type=\"text\" id=\"last-name\" name=\"last-name\" class=\"eb-field-input\" placeholder=\"Digite seu \u00faltimo nome aqui...\" \/><\/div><div class=\"eb-form-validation eb-validate-last-name\">This field is required.<\/div><\/div><\/div><\/div>\n<\/div><\/div><\/div>\n<\/div><\/div><\/div><\/div><\/div>\n\n\n\n<div class=\"wp-block-essential-blocks-form-text-field eb-form-field\"><div class=\"eb-parent-wrapper eb-parent-eb-text-field-9m1tw52 \"><div class=\"eb-text-field-9m1tw52 eb-text-field-wrapper eb-field-wrapper\"><label for=\"subject\">Assunto <span class=\"eb-required\">*<\/span><\/label><div class=\"eb-field-input-wrap\"><i class=\"fas fa-align-center eb-input-icon\"><\/i><input type=\"text\" id=\"subject\" name=\"subject\" class=\"eb-field-input\" placeholder=\"Digite o assunto da mensagem aqui...\" \/><\/div><div class=\"eb-form-validation eb-validate-subject\">This field is required.<\/div><\/div><\/div><\/div>\n\n\n\n<div class=\"wp-block-essential-blocks-form-email-field eb-form-field\"><div class=\"eb-parent-wrapper eb-parent-eb-email-field-4kbll8c \"><div class=\"eb-email-field-4kbll8c eb-email-field-wrapper eb-field-wrapper\"><label for=\"email\">E-mail <span class=\"eb-required\">*<\/span><\/label><div class=\"eb-field-input-wrap\"><i class=\"far fa-envelope eb-input-icon\"><\/i><input type=\"email\" id=\"email\" name=\"email\" class=\"eb-field-input\" placeholder=\"Digite aqui seu e-mail de contato...\" \/><\/div><div class=\"eb-form-validation eb-validate-email\">This field is required.<\/div><\/div><\/div><\/div>\n\n\n\n<div class=\"wp-block-essential-blocks-form-textarea-field eb-form-field\"><div class=\"eb-parent-wrapper eb-parent-eb-textarea-field-z48avuu \"><div class=\"eb-textarea-field-z48avuu eb-textarea-field-wrapper eb-field-wrapper\"><label for=\"message\">Mensagem <span class=\"eb-required\">*<\/span><\/label><div class=\"eb-field-input-wrap\"><i class=\"far fa-edit eb-input-icon\"><\/i><textarea rows=\"6\" cols=\"100\" id=\"message\" class=\"eb-field-input\" name=\"message\" placeholder=\"Digite aqui sua mensagem...\"><\/textarea><\/div><div class=\"eb-form-validation eb-validate-message\">This field is required.<\/div><\/div><\/div><\/div>\n\n            <\/div>\n            <input class=\"form-nonce\" type=\"hidden\" name=\"form-nonce\" value=\"c562c87056\" \/>\n            <div class=\"eb-form-submit\">\n                <button type=\"submit\" class=\"btn btn-primary eb-form-submit-button\" data-id=\"eb-form-jz4e0kb\" data-form-id=\"ebf-62fcd3\">\n                Enviar\n                <img decoding=\"async\" class=\"eb-form-submit-loader\" src=\"https:\/\/vaqueano.com.br\/wordpress\/wp-content\/plugins\/essential-blocks\/\/assets\/images\/loading.svg\" \/>\n            <\/button>            <\/div>\n        <\/form>\n        <div class=\"eb_form_submit_response\" data-confirmation-type=\"message\" data-success=\"Sua+mensagem+foi+enviada+com+sucesso%21\" data-error=\"N%C3%A3o+foi+poss%C3%ADvel+enviar+sua+mensagem%21+Por+favor%2C+tente+novamente.\"><\/div>    <\/div>\n<\/div>\n<\/div><\/div><\/div>\n\n\n\n<div class=\"wp-block-stackable-column stk-block-column stk-column stk-block stk-a897bd7\" data-v=\"4\" data-block-id=\"a897bd7\"><style>@media screen and (min-width:768px){.stk-a897bd7{flex:1 1 25% !important}}<\/style><div class=\"stk-column-wrapper stk-block-column__content stk-container stk-a897bd7-container stk--no-background stk--no-padding\"><div class=\"stk-block-content stk-inner-blocks stk-a897bd7-inner-blocks\"><\/div><\/div><\/div>\n<\/div><\/div>\n","protected":false},"excerpt":{"rendered":"<p>Fa\u00e7a contato Uma unidade de conserva\u00e7\u00e3o, como o Parque Natural Municipal do Cristo Redentor, \u00e9 criada para conservar o meio [&hellip;]<\/p>\n","protected":false},"author":1,"featured_media":0,"parent":0,"menu_order":0,"comment_status":"closed","ping_status":"closed","template":"","meta":{"_eb_attr":"","site-sidebar-layout":"default","site-content-layout":"","ast-site-content-layout":"","site-content-style":"default","site-sidebar-style":"default","ast-global-header-display":"","ast-banner-title-visibility":"","ast-main-header-display":"","ast-hfb-above-header-display":"","ast-hfb-below-header-display":"","ast-hfb-mobile-header-display":"","site-post-title":"","ast-breadcrumbs-content":"","ast-featured-img":"","footer-sml-layout":"","theme-transparent-header-meta":"","adv-header-id-meta":"","stick-header-meta":"","header-above-stick-meta":"","header-main-stick-meta":"","header-below-stick-meta":"","astra-migrate-meta-layouts":"default","ast-page-background-enabled":"default","ast-page-background-meta":{"desktop":{"background-color":"var(--ast-global-color-4)","background-image":"","background-repeat":"repeat","background-position":"center center","background-size":"auto","background-attachment":"scroll","background-type":"","background-media":"","overlay-type":"","overlay-color":"","overlay-gradient":""},"tablet":{"background-color":"","background-image":"","background-repeat":"repeat","background-position":"center center","background-size":"auto","background-attachment":"scroll","background-type":"","background-media":"","overlay-type":"","overlay-color":"","overlay-gradient":""},"mobile":{"background-color":"","background-image":"","background-repeat":"repeat","background-position":"center center","background-size":"auto","background-attachment":"scroll","background-type":"","background-media":"","overlay-type":"","overlay-color":"","overlay-gradient":""}},"ast-content-background-meta":{"desktop":{"background-color":"var(--ast-global-color-5)","background-image":"","background-repeat":"repeat","background-position":"center center","background-size":"auto","background-attachment":"scroll","background-type":"","background-media":"","overlay-type":"","overlay-color":"","overlay-gradient":""},"tablet":{"background-color":"var(--ast-global-color-5)","background-image":"","background-repeat":"repeat","background-position":"center center","background-size":"auto","background-attachment":"scroll","background-type":"","background-media":"","overlay-type":"","overlay-color":"","overlay-gradient":""},"mobile":{"background-color":"var(--ast-global-color-5)","background-image":"","background-repeat":"repeat","background-position":"center center","background-size":"auto","background-attachment":"scroll","background-type":"","background-media":"","overlay-type":"","overlay-color":"","overlay-gradient":""}},"footnotes":""},"featured_image_urls":{"full":"","thumbnail":"","medium":"","medium_large":"","large":"","1536x1536":"","2048x2048":""},"post_excerpt_stackable":"<p>Fa\u00e7a contato Uma unidade de conserva\u00e7\u00e3o, como o Parque Natural Municipal do Cristo Redentor, \u00e9 criada para conservar o meio f\u00edsico e bi\u00f3tico, mas tamb\u00e9m para proporcionar aos moradores de Vi\u00e7osa e visitantes, um local agrad\u00e1vel e seguro de visita\u00e7\u00e3o. Esperamos que, em breve, o parque esteja em condi\u00e7\u00f5es de receber voc\u00ea, sua fam\u00edlia e seus amigos e amigas. Mas para que isso aconte\u00e7a muitas a\u00e7\u00f5es ainda precisam ser realizadas.Sua opini\u00e3o e participa\u00e7\u00e3o \u00e9 muito importante para que esse projeto d\u00ea certo. Use esse espa\u00e7o para deixar coment\u00e1rios, sugest\u00f5es, d\u00favidas, cr\u00edticas, dicas que possam ser \u00fateis para que o trabalho&hellip;<\/p>\n","category_list":"","author_info":{"name":"admin","url":"https:\/\/vaqueano.com.br\/wordpress\/author\/admin\/"},"comments_num":"0 coment\u00e1rio","_links":{"self":[{"href":"https:\/\/vaqueano.com.br\/wordpress\/wp-json\/wp\/v2\/pages\/704"}],"collection":[{"href":"https:\/\/vaqueano.com.br\/wordpress\/wp-json\/wp\/v2\/pages"}],"about":[{"href":"https:\/\/vaqueano.com.br\/wordpress\/wp-json\/wp\/v2\/types\/page"}],"author":[{"embeddable":true,"href":"https:\/\/vaqueano.com.br\/wordpress\/wp-json\/wp\/v2\/users\/1"}],"replies":[{"embeddable":true,"href":"https:\/\/vaqueano.com.br\/wordpress\/wp-json\/wp\/v2\/comments?post=704"}],"version-history":[{"count":33,"href":"https:\/\/vaqueano.com.br\/wordpress\/wp-json\/wp\/v2\/pages\/704\/revisions"}],"predecessor-version":[{"id":1963,"href":"https:\/\/vaqueano.com.br\/wordpress\/wp-json\/wp\/v2\/pages\/704\/revisions\/1963"}],"wp:attachment":[{"href":"https:\/\/vaqueano.com.br\/wordpress\/wp-json\/wp\/v2\/media?parent=704"}],"curies":[{"name":"wp","href":"https:\/\/api.w.org\/{rel}","templated":true}]}}