{"id":731,"date":"2024-04-17T09:23:16","date_gmt":"2024-04-17T12:23:16","guid":{"rendered":"https:\/\/vaqueano.com.br\/wordpress\/?page_id=731"},"modified":"2024-05-10T12:38:01","modified_gmt":"2024-05-10T15:38:01","slug":"como-chegar","status":"publish","type":"page","link":"https:\/\/vaqueano.com.br\/wordpress\/como-chegar\/","title":{"rendered":"Como chegar"},"content":{"rendered":"\n<div class=\"wp-block-stackable-call-to-action alignfull stk-block-call-to-action stk-block stk-fa1d540 stk-block-background stk--has-background-overlay\" data-v=\"2\" data-block-id=\"fa1d540\"><style>.stk-fa1d540{background-color:#000000ff !important;background-image:url(https:\/\/vaqueano.com.br\/wordpress\/wp-content\/uploads\/2024\/04\/pexels-blue-bird-7243200-scaled.jpg) !important;min-height:500px !important;align-items:center !important;display:flex !important}.stk-fa1d540:before{background-color:#000000ff !important;opacity:0.1 !important}<\/style><div class=\"stk-block-call-to-action__content stk-content-align stk-fa1d540-column alignwide stk-container stk-fa1d540-container stk--no-background stk--no-padding\"><div class=\"has-text-align-center stk-block-content stk-inner-blocks stk-fa1d540-inner-blocks\">\n<div class=\"wp-block-stackable-heading stk-block-heading stk-block-heading--v2 stk-block stk-8ffd69c\" id=\"como-chegar\" data-block-id=\"8ffd69c\"><style>.stk-8ffd69c .stk-block-heading__text{font-size:50px !important;color:#FFFFFF !important;font-weight:900 !important;font-family:\"Merriweather\",Sans-serif !important}@media screen and (max-width:1023px){.stk-8ffd69c .stk-block-heading__text{font-size:50px !important}}<\/style><h3 class=\"stk-block-heading__text has-text-color has-white-color\">Como chegar<\/h3><\/div>\n<\/div><\/div><\/div>\n\n\n\n<div class=\"wp-block-stackable-columns stk-block-columns stk-block stk-b8c8ee4\" data-block-id=\"b8c8ee4\"><style>.stk-b8c8ee4{margin-top:60px !important;margin-bottom:40px !important}<\/style><div class=\"stk-row stk-inner-blocks stk-block-content stk-content-align stk-b8c8ee4-column\">\n<div class=\"wp-block-stackable-column stk-block-column stk-column stk-block stk-6a50b68\" data-v=\"4\" data-block-id=\"6a50b68\"><style>@media screen and (min-width:768px){.stk-6a50b68{flex:1 1 calc(15% - var(--stk-column-gap,0px) * 2 \/ 3 ) !important}}<\/style><div class=\"stk-column-wrapper stk-block-column__content stk-container stk-6a50b68-container stk--no-background stk--no-padding\"><div class=\"stk-block-content stk-inner-blocks stk-6a50b68-inner-blocks\"><\/div><\/div><\/div>\n\n\n\n<div class=\"wp-block-stackable-column stk-block-column stk-column stk-block stk-8d35ef2\" data-v=\"4\" data-block-id=\"8d35ef2\"><style>@media screen and (min-width:768px){.stk-8d35ef2{flex:1 1 calc(70% - var(--stk-column-gap,0px) * 2 \/ 3 ) !important}}<\/style><div class=\"stk-column-wrapper stk-block-column__content stk-container stk-8d35ef2-container stk--no-background stk--no-padding\"><div class=\"stk-block-content stk-inner-blocks stk-8d35ef2-inner-blocks\">\n<p>O Parque do Cristo est\u00e1 localizado na \u00e1rea central de Vi\u00e7osa, entre os bairros Bom Jesus, F\u00e1tima, Centro e Bela Vista. O parque faz divisa com o campus da Universidade Federal de Vi\u00e7osa, especificamente com a Mata da Silvicultura.<\/p>\n\n\n\n<p>No interior do Parque do Cristo n\u00e3o existem vagas de estacionamento para ve\u00edculos, por isso sugerimos estacionar o ve\u00edculo nas ruas pr\u00f3ximas ou utilizar outras modalidades de transportes como bicicleta, aplicativos, t\u00e1xi ou \u00f4nibus. No interior do parque o deslocamento \u00e9 realizado apenas a p\u00e9.<\/p>\n<\/div><\/div><\/div>\n\n\n\n<div class=\"wp-block-stackable-column stk-block-column stk-column stk-block stk-5f8a4e4\" data-v=\"4\" data-block-id=\"5f8a4e4\"><style>@media screen and (min-width:768px){.stk-5f8a4e4{flex:1 1 calc(15% - var(--stk-column-gap,0px) * 2 \/ 3 ) !important}}<\/style><div class=\"stk-column-wrapper stk-block-column__content stk-container stk-5f8a4e4-container stk--no-background stk--no-padding\"><div class=\"stk-block-content stk-inner-blocks stk-5f8a4e4-inner-blocks\"><\/div><\/div><\/div>\n<\/div><\/div>\n\n\n\n<div class=\"wp-block-stackable-columns stk-block-columns stk-block stk-64cd86c\" data-block-id=\"64cd86c\"><style>.stk-64cd86c{margin-bottom:50px !important}<\/style><div class=\"stk-row stk-inner-blocks stk-block-content stk-content-align stk-64cd86c-column\">\n<div class=\"wp-block-stackable-column stk-block-column stk-column stk-block stk-a927040\" data-v=\"4\" data-block-id=\"a927040\"><style>@media screen and (min-width:768px){.stk-a927040{flex:1 1 calc(15% - var(--stk-column-gap,0px) * 2 \/ 3 ) !important}}<\/style><div class=\"stk-column-wrapper stk-block-column__content stk-container stk-a927040-container stk--no-background stk--no-padding\"><div class=\"stk-block-content stk-inner-blocks stk-a927040-inner-blocks\"><\/div><\/div><\/div>\n\n\n\n<div class=\"wp-block-stackable-column stk-block-column stk-column stk-block stk-4741588\" data-v=\"4\" data-block-id=\"4741588\"><style>@media screen and (min-width:768px){.stk-4741588{flex:1 1 calc(70% - var(--stk-column-gap,0px) * 2 \/ 3 ) !important}}<\/style><div class=\"stk-column-wrapper stk-block-column__content stk-container stk-4741588-container stk--no-background stk--no-padding\"><div class=\"has-text-align-center stk-block-content stk-inner-blocks stk-4741588-inner-blocks\">\n<details class=\"wp-block-stackable-accordion stk-block-accordion stk-inner-blocks has-text-align-left stk-block-content stk--is-open stk--single-open stk-block stk-9fe6642 is-style-default\" open data-block-id=\"9fe6642\">\n<summary class=\"wp-block-stackable-column stk-block-column stk-column stk-block stk-5b99e93 stk--container-small stk-block-accordion__heading\" data-v=\"4\" data-block-id=\"5b99e93\"><div class=\"stk-column-wrapper stk-block-column__content stk-container stk-5b99e93-container stk-hover-parent\"><div class=\"stk-block-content stk-inner-blocks stk-5b99e93-inner-blocks\">\n<div class=\"wp-block-stackable-icon-label stk-block-icon-label stk-block stk-a21ca31\" data-block-id=\"a21ca31\"><div class=\"stk-row stk-inner-blocks stk-block-content\">\n<div class=\"wp-block-stackable-heading aligncenter stk-block-heading stk-block-heading--v2 stk-block stk-3ea5c78\" id=\"acesso-principal\" data-block-id=\"3ea5c78\"><style>.stk-3ea5c78 .stk-block-heading__text{font-weight:700 !important;font-family:\"Merriweather\",Sans-serif !important}<\/style><h3 class=\"stk-block-heading__text\">Acesso principal<\/h3><\/div>\n\n\n\n<div class=\"wp-block-stackable-icon stk-block-icon stk-block stk-9855f31\" data-block-id=\"9855f31\"><style>.stk-9855f31 .stk--svg-wrapper .stk--inner-svg svg:last-child,.stk-9855f31 .stk--svg-wrapper .stk--inner-svg svg:last-child :is(g,path,rect,polygon,ellipse){fill:#ed5521 !important}<\/style><span class=\"stk--svg-wrapper\"><div class=\"stk--inner-svg\"><svg style=\"height:0;width:0\"><defs><linearGradient id=\"linear-gradient-9855f31\" x1=\"0\" x2=\"100%\" y1=\"0\" y2=\"0\"><stop offset=\"0%\" style=\"stop-opacity:1;stop-color:var(--linear-gradient-9855-f-31-color-1)\"><\/stop><stop offset=\"100%\" style=\"stop-opacity:1;stop-color:var(--linear-gradient-9855-f-31-color-2)\"><\/stop><\/linearGradient><\/defs><\/svg><svg data-prefix=\"fas\" data-icon=\"chevron-down\" class=\"svg-inline--fa fa-chevron-down fa-w-14\" xmlns=\"http:\/\/www.w3.org\/2000\/svg\" viewBox=\"0 0 448 512\" aria-hidden=\"true\" width=\"32\" height=\"32\"><path fill=\"currentColor\" d=\"M207.029 381.476L12.686 187.132c-9.373-9.373-9.373-24.569 0-33.941l22.667-22.667c9.357-9.357 24.522-9.375 33.901-.04L224 284.505l154.745-154.021c9.379-9.335 24.544-9.317 33.901.04l22.667 22.667c9.373 9.373 9.373 24.569 0 33.941L240.971 381.476c-9.373 9.372-24.569 9.372-33.942 0z\"><\/path><\/svg><\/div><\/span><\/div>\n<\/div><\/div>\n<\/div><\/div><\/summary>\n\n\n\n<div class=\"wp-block-stackable-column stk-block-column stk-column stk-block stk-795bd31 stk-block-accordion__content\" data-v=\"4\" data-block-id=\"795bd31\"><div class=\"stk-column-wrapper stk-block-column__content stk-container stk-795bd31-container stk--no-background stk--no-padding\"><div class=\"stk-block-content stk-inner-blocks stk-795bd31-inner-blocks\">\n<div class=\"wp-block-stackable-text stk-block-text stk-block stk-c43aad1\" data-block-id=\"c43aad1\"><p class=\"stk-block-text__text\"> A entrada principal do Parque do Cristo est\u00e1 situada \u00e0 rua Jos\u00e9 dos Santos, pr\u00f3ximo ao n\u00ba146, em frente ao Centro Municipal de Educa\u00e7\u00e3o Dr. Janu\u00e1rio de Andrade Fontes (CMEDJAF) e atr\u00e1s da APAE. Para acessar o local basta chegar \u00e0 avenida Gomes Barbosa e entrar na rua ao lado da Prefeitura Municipal de Vi\u00e7osa (antigo Col\u00e9gio Vi\u00e7osa), indo at\u00e9 o seu final. Virar \u00e0 direita na rua Jos\u00e9 dos Santos (subida \u00edngreme), ao lado do Posto de Sa\u00fade.<\/p><\/div>\n\n\n\n<div class=\"wp-block-stackable-text stk-block-text stk-block stk-90334aa\" data-block-id=\"90334aa\"><p class=\"stk-block-text__text\">Na entrada principal existe uma placa de boas-vindas com as principais informa\u00e7\u00f5es sobre o Parque do Cristo. Caso o\/a visitante prefira acessar a via n\u00e3o pavimentada em frente \u00e0 entrada da APAE, tamb\u00e9m conseguir\u00e1 chegar ao parque, mas passando pela est\u00e1tua de Nossa Senhora Aparecida.<\/p><\/div>\n<\/div><\/div><\/div>\n<\/details>\n\n\n\n<details class=\"wp-block-stackable-accordion stk-block-accordion stk-inner-blocks stk-block-content stk--single-open stk-block stk-d4d2344 is-style-default\" data-block-id=\"d4d2344\">\n<summary class=\"wp-block-stackable-column stk-block-column stk-column stk-block stk-4c82ccd stk--container-small stk-block-accordion__heading\" data-v=\"4\" data-block-id=\"4c82ccd\"><div class=\"stk-column-wrapper stk-block-column__content stk-container stk-4c82ccd-container stk-hover-parent\"><div class=\"stk-block-content stk-inner-blocks stk-4c82ccd-inner-blocks\">\n<div class=\"wp-block-stackable-icon-label stk-block-icon-label stk-block stk-e53e007\" data-block-id=\"e53e007\"><div class=\"stk-row stk-inner-blocks stk-block-content\">\n<div class=\"wp-block-stackable-heading stk-block-heading stk-block-heading--v2 stk-block stk-b96fb04\" id=\"acessos-secundarios\" data-block-id=\"b96fb04\"><style>.stk-b96fb04 .stk-block-heading__text{font-weight:700 !important;font-family:\"Merriweather\",Sans-serif !important}<\/style><h3 class=\"stk-block-heading__text\">Acessos secund\u00e1rios<\/h3><\/div>\n\n\n\n<div class=\"wp-block-stackable-icon stk-block-icon stk-block stk-3ff6d4e\" data-block-id=\"3ff6d4e\"><style>.stk-3ff6d4e .stk--svg-wrapper .stk--inner-svg svg:last-child,.stk-3ff6d4e .stk--svg-wrapper .stk--inner-svg svg:last-child :is(g,path,rect,polygon,ellipse){fill:#ed5521 !important}<\/style><span class=\"stk--svg-wrapper\"><div class=\"stk--inner-svg\"><svg style=\"height:0;width:0\"><defs><linearGradient id=\"linear-gradient-3ff6d4e\" x1=\"0\" x2=\"100%\" y1=\"0\" y2=\"0\"><stop offset=\"0%\" style=\"stop-opacity:1;stop-color:var(--linear-gradient-3-ff-6-d-4-e-color-1)\"><\/stop><stop offset=\"100%\" style=\"stop-opacity:1;stop-color:var(--linear-gradient-3-ff-6-d-4-e-color-2)\"><\/stop><\/linearGradient><\/defs><\/svg><svg data-prefix=\"fas\" data-icon=\"chevron-down\" class=\"svg-inline--fa fa-chevron-down fa-w-14\" xmlns=\"http:\/\/www.w3.org\/2000\/svg\" viewBox=\"0 0 448 512\" aria-hidden=\"true\" width=\"32\" height=\"32\"><path fill=\"currentColor\" d=\"M207.029 381.476L12.686 187.132c-9.373-9.373-9.373-24.569 0-33.941l22.667-22.667c9.357-9.357 24.522-9.375 33.901-.04L224 284.505l154.745-154.021c9.379-9.335 24.544-9.317 33.901.04l22.667 22.667c9.373 9.373 9.373 24.569 0 33.941L240.971 381.476c-9.373 9.372-24.569 9.372-33.942 0z\"><\/path><\/svg><\/div><\/span><\/div>\n<\/div><\/div>\n<\/div><\/div><\/summary>\n\n\n\n<div class=\"wp-block-stackable-column stk-block-column stk-column stk-block stk-bd5d05f stk-block-accordion__content\" data-v=\"4\" data-block-id=\"bd5d05f\"><div class=\"stk-column-wrapper stk-block-column__content stk-container stk-bd5d05f-container stk--no-background stk--no-padding\"><div class=\"stk-block-content stk-inner-blocks stk-bd5d05f-inner-blocks\">\n<div class=\"wp-block-stackable-text stk-block-text stk-block stk-1a44ac5\" data-block-id=\"1a44ac5\"><p class=\"stk-block-text__text has-text-align-left\">Outra maneira de chegar ao Parque do Cristo, por acesso secund\u00e1rio, \u00e9 a partir da rua Nova do Alto Bela Vista. Essa rua come\u00e7a em frente ao Detran-MG, situado \u00e0 rua Get\u00falio Vargas, no Bom Jesus. \u00c9 poss\u00edvel chegar at\u00e9 a sede do Parque do Cristo com ve\u00edculo, mas desaconselhamos pois n\u00e3o h\u00e1 lugar para estacion\u00e1-lo.<\/p><\/div>\n\n\n\n<div class=\"wp-block-stackable-text stk-block-text stk-block stk-89b6c0e\" data-block-id=\"89b6c0e\"><p class=\"stk-block-text__text has-text-align-left\">A partir da est\u00e1tua do Cristo Redentor tamb\u00e9m \u00e9 poss\u00edvel chegar \u00e0 sede do Parque do Cristo, descendo a p\u00e9 uma trilha \u00edngreme. <\/p><\/div>\n<\/div><\/div><\/div>\n<\/details>\n\n\n\n<details class=\"wp-block-stackable-accordion stk-block-accordion stk-inner-blocks stk-block-content stk--single-open stk-block stk-b9dad30 is-style-default\" data-block-id=\"b9dad30\">\n<summary class=\"wp-block-stackable-column stk-block-column stk-column stk-block stk-296b9cf stk--container-small stk-block-accordion__heading\" data-v=\"4\" data-block-id=\"296b9cf\"><div class=\"stk-column-wrapper stk-block-column__content stk-container stk-296b9cf-container stk-hover-parent\"><div class=\"stk-block-content stk-inner-blocks stk-296b9cf-inner-blocks\">\n<div class=\"wp-block-stackable-icon-label stk-block-icon-label stk-block stk-0060db2\" data-block-id=\"0060db2\"><div class=\"stk-row stk-inner-blocks stk-block-content\">\n<div class=\"wp-block-stackable-heading stk-block-heading stk-block-heading--v2 stk-block stk-4eccc97\" id=\"estatua-do-cristo-redentor\" data-block-id=\"4eccc97\"><style>.stk-4eccc97 .stk-block-heading__text{font-weight:700 !important;font-family:\"Merriweather\",Sans-serif !important}<\/style><h3 class=\"stk-block-heading__text\">Est\u00e1tua do Cristo Redentor<\/h3><\/div>\n\n\n\n<div class=\"wp-block-stackable-icon stk-block-icon stk-block stk-781b54f\" data-block-id=\"781b54f\"><style>.stk-781b54f .stk--svg-wrapper .stk--inner-svg svg:last-child,.stk-781b54f .stk--svg-wrapper .stk--inner-svg svg:last-child :is(g,path,rect,polygon,ellipse){fill:#ed5521 !important}<\/style><span class=\"stk--svg-wrapper\"><div class=\"stk--inner-svg\"><svg style=\"height:0;width:0\"><defs><linearGradient id=\"linear-gradient-781b54f\" x1=\"0\" x2=\"100%\" y1=\"0\" y2=\"0\"><stop offset=\"0%\" style=\"stop-opacity:1;stop-color:var(--linear-gradient-781-b-54-f-color-1)\"><\/stop><stop offset=\"100%\" style=\"stop-opacity:1;stop-color:var(--linear-gradient-781-b-54-f-color-2)\"><\/stop><\/linearGradient><\/defs><\/svg><svg data-prefix=\"fas\" data-icon=\"chevron-down\" class=\"svg-inline--fa fa-chevron-down fa-w-14\" xmlns=\"http:\/\/www.w3.org\/2000\/svg\" viewBox=\"0 0 448 512\" aria-hidden=\"true\" width=\"32\" height=\"32\"><path fill=\"currentColor\" d=\"M207.029 381.476L12.686 187.132c-9.373-9.373-9.373-24.569 0-33.941l22.667-22.667c9.357-9.357 24.522-9.375 33.901-.04L224 284.505l154.745-154.021c9.379-9.335 24.544-9.317 33.901.04l22.667 22.667c9.373 9.373 9.373 24.569 0 33.941L240.971 381.476c-9.373 9.372-24.569 9.372-33.942 0z\"><\/path><\/svg><\/div><\/span><\/div>\n<\/div><\/div>\n<\/div><\/div><\/summary>\n\n\n\n<div class=\"wp-block-stackable-column stk-block-column stk-column stk-block stk-b4a37a9 stk-block-accordion__content\" data-v=\"4\" data-block-id=\"b4a37a9\"><div class=\"stk-column-wrapper stk-block-column__content stk-container stk-b4a37a9-container stk--no-background stk--no-padding\"><div class=\"stk-block-content stk-inner-blocks stk-b4a37a9-inner-blocks\">\n<div class=\"wp-block-stackable-notification stk-block-notification stk--is-dismissible stk--is-warning stk-block stk-72cb3f4 stk-block-background is-style-default\" data-v=\"2\" data-block-id=\"72cb3f4\"><style>.stk-72cb3f4{margin-bottom:5px !important}.stk-72cb3f4 .stk-block-notification__close-button svg{fill:#000000 !important}<\/style><div class=\"stk-block-notification__content stk-content-align stk-72cb3f4-column stk-container stk-72cb3f4-container stk-hover-parent\"><div class=\"stk-block-content stk-inner-blocks stk-72cb3f4-inner-blocks\">\n<div class=\"wp-block-stackable-icon stk-block-icon stk-block stk-f937153\" data-block-id=\"f937153\"><style>.stk-f937153 .stk--svg-wrapper .stk--inner-svg svg:last-child{height:56px !important;width:56px !important}.stk-f937153 .stk--svg-wrapper .stk--inner-svg svg:last-child,.stk-f937153 .stk--svg-wrapper .stk--inner-svg svg:last-child :is(g,path,rect,polygon,ellipse){fill:#000000 !important}<\/style><span class=\"stk--svg-wrapper\"><div class=\"stk--inner-svg\"><svg style=\"height:0;width:0\"><defs><linearGradient id=\"linear-gradient-f937153\" x1=\"0\" x2=\"100%\" y1=\"0\" y2=\"0\"><stop offset=\"0%\" style=\"stop-opacity:1;stop-color:var(--linear-gradient-f-937153-color-1)\"><\/stop><stop offset=\"100%\" style=\"stop-opacity:1;stop-color:var(--linear-gradient-f-937153-color-2)\"><\/stop><\/linearGradient><\/defs><\/svg><svg data-prefix=\"fas\" data-icon=\"exclamation-triangle\" class=\"svg-inline--fa fa-exclamation-triangle fa-w-18\" xmlns=\"http:\/\/www.w3.org\/2000\/svg\" viewBox=\"0 0 576 512\" aria-hidden=\"true\" width=\"32\" height=\"32\"><path fill=\"currentColor\" d=\"M569.517 440.013C587.975 472.007 564.806 512 527.94 512H48.054c-36.937 0-59.999-40.055-41.577-71.987L246.423 23.985c18.467-32.009 64.72-31.951 83.154 0l239.94 416.028zM288 354c-25.405 0-46 20.595-46 46s20.595 46 46 46 46-20.595 46-46-20.595-46-46-46zm-43.673-165.346l7.418 136c.347 6.364 5.609 11.346 11.982 11.346h48.546c6.373 0 11.635-4.982 11.982-11.346l7.418-136c.375-6.874-5.098-12.654-11.982-12.654h-63.383c-6.884 0-12.356 5.78-11.981 12.654z\"><\/path><\/svg><\/div><\/span><\/div>\n\n\n\n<div class=\"wp-block-stackable-heading stk-block-heading stk-block-heading--v2 stk-block stk-4bdcdee\" id=\"atencao\" data-block-id=\"4bdcdee\"><style>.stk-4bdcdee .stk-block-heading__text{color:#000000 !important;font-weight:900 !important;font-family:\"Merriweather\",Sans-serif !important}<\/style><h3 class=\"stk-block-heading__text has-text-color\">Aten\u00e7\u00e3o!<\/h3><\/div>\n\n\n\n<div class=\"wp-block-stackable-text stk-block-text stk-block stk-37a5d09\" data-block-id=\"37a5d09\"><style>.stk-37a5d09{margin-bottom:0px !important}.stk-37a5d09 .stk-block-text__text{font-size:18px !important;color:#000000 !important}@media screen and (max-width:1023px){.stk-37a5d09 .stk-block-text__text{font-size:18px !important}}<\/style><p class=\"stk-block-text__text has-text-color\"><strong>As visitas \u00e0 est\u00e1tua do Cristo Redentor de Vi\u00e7osa \/ MG est\u00e3o temporariamente suspensas.<\/strong><\/p><\/div>\n\n\n\n<div class=\"wp-block-stackable-text stk-block-text stk-block stk-ef70937\" data-block-id=\"ef70937\"><style>.stk-ef70937 .stk-block-text__text{color:#000000 !important}<\/style><p class=\"stk-block-text__text has-text-color\"><strong>Motivo: Interdi\u00e7\u00e3o por risco de desprendimento e queda de concreto.<\/strong><\/p><\/div>\n<\/div><button class=\"stk-block-notification__close-button\"><svg viewBox=\"0 0 28.3 28.3\" xmlns=\"http:\/\/www.w3.org\/2000\/svg\" width=\"16\" height=\"16\"><path d=\"M52.4-166.2c3.2 0 3.2-5 0-5s-3.2 5 0 5zM16.8 13.9L26.9 3.8c.6-.6.6-1.5 0-2.1s-1.5-.6-2.1 0L14.7 11.8 4.6 1.7c-.6-.6-1.5-.6-2.1 0s-.6 1.5 0 2.1l10.1 10.1L2.5 24c-.6.6-.6 1.5 0 2.1.3.3.7.4 1.1.4s.8-.1 1.1-.4l10-10.1 10.1 10.1c.3.3.7.4 1.1.4s.8-.1 1.1-.4c.6-.6.6-1.5 0-2.1L16.8 13.9z\"><\/path><\/svg><\/button><\/div><\/div>\n\n\n\n<div class=\"wp-block-stackable-text stk-block-text stk-block stk-3b77a5b\" data-block-id=\"3b77a5b\"><style>.stk-3b77a5b{margin-top:20px !important}<\/style><p class=\"stk-block-text__text has-text-align-left\">O acesso principal \u00e0 est\u00e1tua do Cristo Redentor \u00e9 realizado pela rua do Pintinho, pr\u00f3ximo ao cemit\u00e9rio e ao Tiro de Guerra, no bairro Bela Vista. Parte do caminho n\u00e3o \u00e9 pavimentado e frequentemente apresenta estado de conserva\u00e7\u00e3o mediano a ruim. A partir do Cristo, para acessar as \u00e1reas de visita\u00e7\u00e3o do parque, \u00e9 necess\u00e1rio descer a p\u00e9 por trilha \u00edngreme que margeia a unidade de conserva\u00e7\u00e3o at\u00e9 sua sede.<\/p><\/div>\n<\/div><\/div><\/div>\n<\/details>\n<\/div><\/div><\/div>\n\n\n\n<div class=\"wp-block-stackable-column stk-block-column stk-column stk-block stk-ae6beac\" data-v=\"4\" data-block-id=\"ae6beac\"><style>@media screen and (min-width:768px){.stk-ae6beac{flex:1 1 calc(15% - var(--stk-column-gap,0px) * 2 \/ 3 ) !important}}<\/style><div class=\"stk-column-wrapper stk-block-column__content stk-container stk-ae6beac-container stk--no-background stk--no-padding\"><div class=\"stk-block-content stk-inner-blocks stk-ae6beac-inner-blocks\"><\/div><\/div><\/div>\n<\/div><\/div>\n\n\n\n<div class=\"wp-block-stackable-map stk-block-map stk-block stk-cc9ad80\" data-block-id=\"cc9ad80\"><style>.stk-cc9ad80{margin-bottom:50px !important}.stk-cc9ad80 .stk-block-map__canvas,.stk-cc9ad80 iframe{height:500px !important}<\/style><iframe\n\t\t\t\t\t\ttitle=\"Embedded content from Google Maps Platform.\"\n\t\t\t\t\t\tsrc=\"https:\/\/maps.google.com\/maps?q=Parque do Cristo Vi\u00e7osa&#038;t=&#038;z=15&#038;ie=UTF8&#038;output=embed\"\n\t\t\t\t\t\tstyle=\"border:0;width:100%;max-width:none;max-height:none;height:100%;\"\n\t\t\t\t\t\taria-hidden=\"false\"\n\t\t\t\t\t\ttabIndex=\"0\"\n\t\t\t\t\t\tallowfullscreen\n\t\t\t\t\t\tloading=\"lazy\"\n\t\t\t\t\t\tframeBorder=\"0\"\n\t\t\t\t\t><\/iframe><\/div>\n","protected":false},"excerpt":{"rendered":"<p>Como chegar O Parque do Cristo est\u00e1 localizado na \u00e1rea central de Vi\u00e7osa, entre os bairros Bom Jesus, F\u00e1tima, Centro [&hellip;]<\/p>\n","protected":false},"author":1,"featured_media":0,"parent":0,"menu_order":0,"comment_status":"closed","ping_status":"closed","template":"","meta":{"_eb_attr":"","site-sidebar-layout":"default","site-content-layout":"","ast-site-content-layout":"","site-content-style":"default","site-sidebar-style":"default","ast-global-header-display":"","ast-banner-title-visibility":"","ast-main-header-display":"","ast-hfb-above-header-display":"","ast-hfb-below-header-display":"","ast-hfb-mobile-header-display":"","site-post-title":"","ast-breadcrumbs-content":"","ast-featured-img":"","footer-sml-layout":"","theme-transparent-header-meta":"","adv-header-id-meta":"","stick-header-meta":"","header-above-stick-meta":"","header-main-stick-meta":"","header-below-stick-meta":"","astra-migrate-meta-layouts":"default","ast-page-background-enabled":"default","ast-page-background-meta":{"desktop":{"background-color":"var(--ast-global-color-4)","background-image":"","background-repeat":"repeat","background-position":"center center","background-size":"auto","background-attachment":"scroll","background-type":"","background-media":"","overlay-type":"","overlay-color":"","overlay-gradient":""},"tablet":{"background-color":"","background-image":"","background-repeat":"repeat","background-position":"center center","background-size":"auto","background-attachment":"scroll","background-type":"","background-media":"","overlay-type":"","overlay-color":"","overlay-gradient":""},"mobile":{"background-color":"","background-image":"","background-repeat":"repeat","background-position":"center center","background-size":"auto","background-attachment":"scroll","background-type":"","background-media":"","overlay-type":"","overlay-color":"","overlay-gradient":""}},"ast-content-background-meta":{"desktop":{"background-color":"var(--ast-global-color-5)","background-image":"","background-repeat":"repeat","background-position":"center center","background-size":"auto","background-attachment":"scroll","background-type":"","background-media":"","overlay-type":"","overlay-color":"","overlay-gradient":""},"tablet":{"background-color":"var(--ast-global-color-5)","background-image":"","background-repeat":"repeat","background-position":"center center","background-size":"auto","background-attachment":"scroll","background-type":"","background-media":"","overlay-type":"","overlay-color":"","overlay-gradient":""},"mobile":{"background-color":"var(--ast-global-color-5)","background-image":"","background-repeat":"repeat","background-position":"center center","background-size":"auto","background-attachment":"scroll","background-type":"","background-media":"","overlay-type":"","overlay-color":"","overlay-gradient":""}},"footnotes":""},"featured_image_urls":{"full":"","thumbnail":"","medium":"","medium_large":"","large":"","1536x1536":"","2048x2048":""},"post_excerpt_stackable":"<p>Como chegar O Parque do Cristo est\u00e1 localizado na \u00e1rea central de Vi\u00e7osa, entre os bairros Bom Jesus, F\u00e1tima, Centro e Bela Vista. O parque faz divisa com o campus da Universidade Federal de Vi\u00e7osa, especificamente com a Mata da Silvicultura. No interior do Parque do Cristo n\u00e3o existem vagas de estacionamento para ve\u00edculos, por isso sugerimos estacionar o ve\u00edculo nas ruas pr\u00f3ximas ou utilizar outras modalidades de transportes como bicicleta, aplicativos, t\u00e1xi ou \u00f4nibus. No interior do parque o deslocamento \u00e9 realizado apenas a p\u00e9. Acesso principal A entrada principal do Parque do Cristo est\u00e1 situada \u00e0 rua Jos\u00e9&hellip;<\/p>\n","category_list":"","author_info":{"name":"admin","url":"https:\/\/vaqueano.com.br\/wordpress\/author\/admin\/"},"comments_num":"0 coment\u00e1rio","_links":{"self":[{"href":"https:\/\/vaqueano.com.br\/wordpress\/wp-json\/wp\/v2\/pages\/731"}],"collection":[{"href":"https:\/\/vaqueano.com.br\/wordpress\/wp-json\/wp\/v2\/pages"}],"about":[{"href":"https:\/\/vaqueano.com.br\/wordpress\/wp-json\/wp\/v2\/types\/page"}],"author":[{"embeddable":true,"href":"https:\/\/vaqueano.com.br\/wordpress\/wp-json\/wp\/v2\/users\/1"}],"replies":[{"embeddable":true,"href":"https:\/\/vaqueano.com.br\/wordpress\/wp-json\/wp\/v2\/comments?post=731"}],"version-history":[{"count":33,"href":"https:\/\/vaqueano.com.br\/wordpress\/wp-json\/wp\/v2\/pages\/731\/revisions"}],"predecessor-version":[{"id":1293,"href":"https:\/\/vaqueano.com.br\/wordpress\/wp-json\/wp\/v2\/pages\/731\/revisions\/1293"}],"wp:attachment":[{"href":"https:\/\/vaqueano.com.br\/wordpress\/wp-json\/wp\/v2\/media?parent=731"}],"curies":[{"name":"wp","href":"https:\/\/api.w.org\/{rel}","templated":true}]}}